{"id":44395,"date":"2026-02-06T14:50:00","date_gmt":"2026-02-06T13:50:00","guid":{"rendered":"https:\/\/sambacademy.com\/puffy-face-pillow-face-va-te-coucher-on-a-trouve-la-solution\/"},"modified":"2026-02-06T14:51:06","modified_gmt":"2026-02-06T13:51:06","slug":"puffy-face-pillow-face-va-te-coucher-on-a-trouve-la-solution","status":"publish","type":"page","link":"https:\/\/sambacademy.com\/fr\/puffy-face-pillow-face-va-te-coucher-on-a-trouve-la-solution\/","title":{"rendered":"Puffy Face \/ Pillow Face : va te coucher, on a trouv\u00e9 la solution"},"content":{"rendered":"\n<p>C&rsquo;est quoi une <em>puffy face<\/em> ou <em>pillow face<\/em>?<\/p>\n\n<p>C&rsquo;est un visage qui pr\u00e9sente des signes visibles par tous (experts et non-experts) d&rsquo;accumulation de fillers, et notamment d&rsquo;acide hyaluronique.<\/p>\n\n<p>Ces signes sont :<\/p>\n\n<ul class=\"wp-block-list\">\n<li>Une peau \u00e9paissie<\/li>\n\n\n\n<li>Des \u0153d\u00e8mes, des poches d&rsquo;eau visibles autour des yeux et accentu\u00e9es le matin<\/li>\n\n\n\n<li>Des yeux paraissant petits par rapport au reste du visage<\/li>\n\n\n\n<li>Un visage sans mobilit\u00e9, si ce n&rsquo;est au niveau des yeux (type poup\u00e9e)<\/li>\n\n\n\n<li>Un teint cireux<\/li>\n\n\n\n<li>Des traits arrondis (absence d&rsquo;alternance de convexit\u00e9 et de concavit\u00e9)<\/li>\n\n\n\n<li>Les traits naturels de la personne ont disparu<\/li>\n\n\n\n<li>Un aspect surcharg\u00e9 au premier regard<\/li>\n<\/ul>\n\n<h2 class=\"wp-block-heading\"><strong>Comment en arrive-t-on l\u00e0 ?<\/strong><\/h2>\n\n<p>Il existe, \u00e0 mes yeux, 3 facteurs responsables de ces <em>puffy face<\/em> ou <em>pillow face.<\/em> Ces facteurs peuvent se cumuler, mais un seul d&rsquo;entre eux suffit \u00e0 mener au <em>puffy face.<\/em> <\/p>\n\n<ul class=\"wp-block-list\">\n<li>La fr\u00e9quence d&rsquo;injection (quantit\u00e9)<\/li>\n\n\n\n<li>Le plan d&rsquo;injection<\/li>\n\n\n\n<li>Le type de remplisseur<\/li>\n<\/ul>\n\n<h3 class=\"wp-block-heading\"><strong>La fr\u00e9quence d&rsquo;injection<\/strong><\/h3>\n\n<p>Les fillers liftant ont une dur\u00e9e de vie de pr\u00e8s d&rsquo;une ann\u00e9e. Bien souvent, certains patients sont chez leur m\u00e9decin esth\u00e9tique tous les mois, surtout aux Etats-Unis, et surtout quand ils ont de gros moyens. Les stars, notamment, sont bien plus influen\u00e7ables qu&rsquo;on ne croit, et certains professionnels de sant\u00e9 savent tr\u00e8s bien jouer sur la corde sensible de leur apparence en lien avec leur succ\u00e8s. Un petit coup de mou dans la carri\u00e8re et on injecte pour rebooster. C&rsquo;est un peu imag\u00e9, mais pas si loin de la v\u00e9rit\u00e9.    <\/p>\n\n<p>En quelques mois, l&rsquo;acide hyaluronique s&rsquo;accumule et \u00a0\u00bb d\u00e9borde \u00ab\u00a0. Le patient perd ses expressions, noy\u00e9es dans un exc\u00e8s d&rsquo;acide hyaluronique. <\/p>\n\n<h3 class=\"wp-block-heading\"><strong>Le plan d&rsquo;injection<\/strong><\/h3>\n\n<p>C&rsquo;est pour moi le facteur le plus fondamental. Oui, car si les injections sont effectu\u00e9es dans le bon plan (c&rsquo;est-\u00e0-dire en profondeur sur le p\u00e9rioste pour le filler liftant), m\u00eame en abusant un peu sur la quantit\u00e9 et la fr\u00e9quence, il n&rsquo;y a aucune chance d&rsquo;avoir un effet <em>pillow ou puffy-face<\/em>. On perd en naturel, mais le visage bouge et reste expressif.  <\/p>\n\n<h4 class=\"wp-block-heading\"><strong>Mais c&rsquo;est quoi ce plan profond ?<\/strong><\/h4>\n\n<p>Il s&rsquo;agit d&rsquo;\u00eatre au plus profond du visage, contre l&rsquo;os. C&rsquo;est le fameux <em>Deep Plane Face Lift<\/em>. <\/p>\n\n<p>R\u00e9cemment mis en avant par un buzz mondial survenu \u00e0 l&rsquo;apparition de Kris Jenner \u00e0 Paris, venue soutenir sa fille.<\/p>\n\n<p>Il s&rsquo;agit de repositionner la graisse profonde, les muscles (SMAS), et la peau plus haut sur le visage. Cette technique garantit un effet extr\u00eamement naturel. En revanche, il semble que la technique n\u00e9cessite une tr\u00e8s grande dext\u00e9rit\u00e9, avec un risque de l\u00e9sion du nerf facial lors de la dissection.  <\/p>\n\n<p>En m\u00e9decine esth\u00e9tique, on pratique le <em>Liquid Deep Plane Face Lift<\/em> en d\u00e9posant de l&rsquo;acide hyaluronique tr\u00e8s r\u00e9ticul\u00e9 contre le p\u00e9rioste \u00e0 l&rsquo;aide d&rsquo;une canule. M\u00eame si l&rsquo;effet est plus contenu qu&rsquo;un <em>Deep Face Lift<\/em> chirurgical, il n&rsquo;en reste pas moins d&rsquo;une efficacit\u00e9 incroyable, sans \u00e9viction sociale, durable et garantissant un effet naturel. Bien moins cher, il peut \u00eatre refait une fois tous les 12 \u00e0 18 mois.  <\/p>\n\n<p>On se pr\u00e9munit ainsi du <em>Pillow Face.<\/em><\/p>\n\n<p>Pour pratiquer le <em>Deep Plane Face Lift<\/em>, il faut passer par une formation pouss\u00e9e en m\u00e9decine esth\u00e9tique.<\/p>\n\n<p><a href=\"https:\/\/sambacademy.com\/fr\/programme\/\">Notre acad\u00e9mie SAMBA<\/a> propose justement une approche <em>Liquid Deep Plane Face Lift<\/em> bas\u00e9e sur une connaissance parfaite de l&rsquo;anatomie et un protocole d&rsquo;injection d&rsquo;acide hyaluronique pr\u00e9cis, assurant s\u00e9curit\u00e9 et efficacit\u00e9.<\/p>\n\n<p>Ne vous y trompez pas, tr\u00e8s peu de praticiens \u00e0 travers le monde ma\u00eetrisent r\u00e9ellement le plan profond avec la canule. Ce n&rsquo;est pourtant pas tr\u00e8s difficile, mais encore faut-il s&rsquo;y int\u00e9resser et accepter de s&rsquo;y former. <\/p>\n\n<h3 class=\"wp-block-heading\"><strong>Le type de remplisseur<\/strong><\/h3>\n\n<p>Pour faire un bon <em>Liquid Deep Face Lift<\/em>, il faut un bon acide hyaluronique bien r\u00e9ticul\u00e9.<\/p>\n\n<p>Il doit pr\u00e9senter les caract\u00e9ristiques rh\u00e9ologiques suivantes :<\/p>\n\n<ul class=\"wp-block-list\">\n<li>\u00c9lastique<\/li>\n\n\n\n<li>Haut G&rsquo;<\/li>\n\n\n\n<li>Peu plastique<\/li>\n\n\n\n<li>Peu r\u00e9tentionnel<\/li>\n<\/ul>\n\n<p>En sachant bien choisir son acide hyaluronique, on diminue encore les \u0153d\u00e8mes et donc l&rsquo;effet <em>puffy face.<\/em><\/p>\n\n<h2 class=\"wp-block-heading\">En conclusion<\/h2>\n\n<p>Il est certain que les fillers en exc\u00e8s ou en traitements isol\u00e9s n&rsquo;ont aucun avenir. Nous avons d\u00e9j\u00e0 vu, dans les blogs pr\u00e9c\u00e9dents, la n\u00e9cessit\u00e9 de <a href=\"https:\/\/sambacademy.com\/fr\/biostimulation-par-injections-sous-cutanees-hydroxyapatite-de-calcium\/\">traitements combin\u00e9s<\/a>. Vous savez maintenant qu&rsquo;il faut aussi une technique d&rsquo;injection irr\u00e9prochable, qui s&rsquo;appuie sur une connaissance solide de l&rsquo;anatomie.  <\/p>\n","protected":false},"excerpt":{"rendered":"<p>Le ph\u00e9nom\u00e8ne de \u00a0\u00bb puffy face \u00a0\u00bb ou \u00a0\u00bb pillow face \u00a0\u00bb est souvent le r\u00e9sultat d&rsquo;une accumulation de fillers, d&rsquo;un mauvais plan d&rsquo;injection ou d&rsquo;un produit mal choisi. Dans cet article, je d\u00e9crypte les causes de ces visages surcorrig\u00e9s et expliquons comment le Liquid Deep Plane Face Lift, associ\u00e9 \u00e0 une s\u00e9lection rigoureuse de l&rsquo;acide hyaluronique, permet de pr\u00e9server un r\u00e9sultat naturel et expressif. <\/p>\n","protected":false},"author":2,"featured_media":44392,"parent":0,"menu_order":0,"comment_status":"closed","ping_status":"closed","template":"","meta":{"content-type":"","_joinchat":[],"footnotes":"","_links_to":"","_links_to_target":""},"class_list":["post-44395","page","type-page","status-publish","has-post-thumbnail","hentry"],"yoast_head":"<!-- This site is optimized with the Yoast SEO plugin v27.4 - https:\/\/yoast.com\/product\/yoast-seo-wordpress\/ -->\n<title>Puffy Face \/ Pillow Face : va te coucher, on a trouv\u00e9 la solution - SAMBA<\/title>\n<meta name=\"robots\" content=\"index, follow, max-snippet:-1, max-image-preview:large, max-video-preview:-1\" \/>\n<link rel=\"canonical\" href=\"https:\/\/sambacademy.com\/fr\/puffy-face-pillow-face-va-te-coucher-on-a-trouve-la-solution\/\" \/>\n<meta property=\"og:locale\" content=\"fr_FR\" \/>\n<meta property=\"og:type\" content=\"article\" \/>\n<meta property=\"og:title\" content=\"Puffy Face \/ Pillow Face : va te coucher, on a trouv\u00e9 la solution - SAMBA\" \/>\n<meta property=\"og:description\" content=\"Le ph\u00e9nom\u00e8ne de &quot; puffy face &quot; ou &quot; pillow face &quot; est souvent le r\u00e9sultat d&#039;une accumulation de fillers, d&#039;un mauvais plan d&#039;injection ou d&#039;un produit mal choisi. Dans cet article, je d\u00e9crypte les causes de ces visages surcorrig\u00e9s et expliquons comment le Liquid Deep Plane Face Lift, associ\u00e9 \u00e0 une s\u00e9lection rigoureuse de l&#039;acide hyaluronique, permet de pr\u00e9server un r\u00e9sultat naturel et expressif.\" \/>\n<meta property=\"og:url\" content=\"https:\/\/sambacademy.com\/fr\/puffy-face-pillow-face-va-te-coucher-on-a-trouve-la-solution\/\" \/>\n<meta property=\"og:site_name\" content=\"SAMBA\" \/>\n<meta property=\"article:publisher\" content=\"https:\/\/www.facebook.com\/people\/SAMBA-Swiss-Aesthetic-Medicine-Business-Academy\/100084333172309\/\" \/>\n<meta property=\"article:modified_time\" content=\"2026-02-06T13:51:06+00:00\" \/>\n<meta property=\"og:image\" content=\"https:\/\/sambacademy.com\/wp-content\/uploads\/2026\/02\/Puffy-Face-Pillow-Face.jpg\" \/>\n\t<meta property=\"og:image:width\" content=\"2000\" \/>\n\t<meta property=\"og:image:height\" content=\"1143\" \/>\n\t<meta property=\"og:image:type\" content=\"image\/jpeg\" \/>\n<meta name=\"twitter:card\" content=\"summary_large_image\" \/>\n<meta name=\"twitter:label1\" content=\"Dur\u00e9e de lecture estim\u00e9e\" \/>\n\t<meta name=\"twitter:data1\" content=\"4 minutes\" \/>\n<script type=\"application\/ld+json\" class=\"yoast-schema-graph\">{\"@context\":\"https:\\\/\\\/schema.org\",\"@graph\":[{\"@type\":\"WebPage\",\"@id\":\"https:\\\/\\\/sambacademy.com\\\/fr\\\/puffy-face-pillow-face-va-te-coucher-on-a-trouve-la-solution\\\/\",\"url\":\"https:\\\/\\\/sambacademy.com\\\/fr\\\/puffy-face-pillow-face-va-te-coucher-on-a-trouve-la-solution\\\/\",\"name\":\"Puffy Face \\\/ Pillow Face : va te coucher, on a trouv\u00e9 la solution - SAMBA\",\"isPartOf\":{\"@id\":\"https:\\\/\\\/sambacademy.com\\\/fr\\\/#website\"},\"primaryImageOfPage\":{\"@id\":\"https:\\\/\\\/sambacademy.com\\\/fr\\\/puffy-face-pillow-face-va-te-coucher-on-a-trouve-la-solution\\\/#primaryimage\"},\"image\":{\"@id\":\"https:\\\/\\\/sambacademy.com\\\/fr\\\/puffy-face-pillow-face-va-te-coucher-on-a-trouve-la-solution\\\/#primaryimage\"},\"thumbnailUrl\":\"https:\\\/\\\/sambacademy.com\\\/wp-content\\\/uploads\\\/2026\\\/02\\\/Puffy-Face-Pillow-Face.jpg\",\"datePublished\":\"2026-02-06T13:50:00+00:00\",\"dateModified\":\"2026-02-06T13:51:06+00:00\",\"breadcrumb\":{\"@id\":\"https:\\\/\\\/sambacademy.com\\\/fr\\\/puffy-face-pillow-face-va-te-coucher-on-a-trouve-la-solution\\\/#breadcrumb\"},\"inLanguage\":\"fr-FR\",\"potentialAction\":[{\"@type\":\"ReadAction\",\"target\":[\"https:\\\/\\\/sambacademy.com\\\/fr\\\/puffy-face-pillow-face-va-te-coucher-on-a-trouve-la-solution\\\/\"]}]},{\"@type\":\"ImageObject\",\"inLanguage\":\"fr-FR\",\"@id\":\"https:\\\/\\\/sambacademy.com\\\/fr\\\/puffy-face-pillow-face-va-te-coucher-on-a-trouve-la-solution\\\/#primaryimage\",\"url\":\"https:\\\/\\\/sambacademy.com\\\/wp-content\\\/uploads\\\/2026\\\/02\\\/Puffy-Face-Pillow-Face.jpg\",\"contentUrl\":\"https:\\\/\\\/sambacademy.com\\\/wp-content\\\/uploads\\\/2026\\\/02\\\/Puffy-Face-Pillow-Face.jpg\",\"width\":2000,\"height\":1143},{\"@type\":\"BreadcrumbList\",\"@id\":\"https:\\\/\\\/sambacademy.com\\\/fr\\\/puffy-face-pillow-face-va-te-coucher-on-a-trouve-la-solution\\\/#breadcrumb\",\"itemListElement\":[{\"@type\":\"ListItem\",\"position\":1,\"name\":\"Accueil\",\"item\":\"https:\\\/\\\/sambacademy.com\\\/fr\\\/\"},{\"@type\":\"ListItem\",\"position\":2,\"name\":\"Puffy Face \\\/ Pillow Face : va te coucher, on a trouv\u00e9 la solution\"}]},{\"@type\":\"WebSite\",\"@id\":\"https:\\\/\\\/sambacademy.com\\\/fr\\\/#website\",\"url\":\"https:\\\/\\\/sambacademy.com\\\/fr\\\/\",\"name\":\"SAMBA\",\"description\":\"Swiss Aesthetic Medicine and Business Academy\",\"publisher\":{\"@id\":\"https:\\\/\\\/sambacademy.com\\\/fr\\\/#organization\"},\"potentialAction\":[{\"@type\":\"SearchAction\",\"target\":{\"@type\":\"EntryPoint\",\"urlTemplate\":\"https:\\\/\\\/sambacademy.com\\\/fr\\\/?s={search_term_string}\"},\"query-input\":{\"@type\":\"PropertyValueSpecification\",\"valueRequired\":true,\"valueName\":\"search_term_string\"}}],\"inLanguage\":\"fr-FR\"},{\"@type\":\"Organization\",\"@id\":\"https:\\\/\\\/sambacademy.com\\\/fr\\\/#organization\",\"name\":\"SAMBA \u2013 Swiss Aesthetic Medicine and Business Academy\",\"url\":\"https:\\\/\\\/sambacademy.com\\\/fr\\\/\",\"logo\":{\"@type\":\"ImageObject\",\"inLanguage\":\"fr-FR\",\"@id\":\"https:\\\/\\\/sambacademy.com\\\/fr\\\/#\\\/schema\\\/logo\\\/image\\\/\",\"url\":\"https:\\\/\\\/sambacademy.com\\\/wp-content\\\/uploads\\\/2023\\\/10\\\/SAMBA_logo_tagline.png\",\"contentUrl\":\"https:\\\/\\\/sambacademy.com\\\/wp-content\\\/uploads\\\/2023\\\/10\\\/SAMBA_logo_tagline.png\",\"width\":600,\"height\":123,\"caption\":\"SAMBA \u2013 Swiss Aesthetic Medicine and Business Academy\"},\"image\":{\"@id\":\"https:\\\/\\\/sambacademy.com\\\/fr\\\/#\\\/schema\\\/logo\\\/image\\\/\"},\"sameAs\":[\"https:\\\/\\\/www.facebook.com\\\/people\\\/SAMBA-Swiss-Aesthetic-Medicine-Business-Academy\\\/100084333172309\\\/\",\"https:\\\/\\\/www.linkedin.com\\\/company\\\/samba-academy\\\/\",\"https:\\\/\\\/www.instagram.com\\\/samba_academy_official\\\/\"]}]}<\/script>\n<!-- \/ Yoast SEO plugin. -->","yoast_head_json":{"title":"Puffy Face \/ Pillow Face : va te coucher, on a trouv\u00e9 la solution - SAMBA","robots":{"index":"index","follow":"follow","max-snippet":"max-snippet:-1","max-image-preview":"max-image-preview:large","max-video-preview":"max-video-preview:-1"},"canonical":"https:\/\/sambacademy.com\/fr\/puffy-face-pillow-face-va-te-coucher-on-a-trouve-la-solution\/","og_locale":"fr_FR","og_type":"article","og_title":"Puffy Face \/ Pillow Face : va te coucher, on a trouv\u00e9 la solution - SAMBA","og_description":"Le ph\u00e9nom\u00e8ne de \" puffy face \" ou \" pillow face \" est souvent le r\u00e9sultat d'une accumulation de fillers, d'un mauvais plan d'injection ou d'un produit mal choisi. Dans cet article, je d\u00e9crypte les causes de ces visages surcorrig\u00e9s et expliquons comment le Liquid Deep Plane Face Lift, associ\u00e9 \u00e0 une s\u00e9lection rigoureuse de l'acide hyaluronique, permet de pr\u00e9server un r\u00e9sultat naturel et expressif.","og_url":"https:\/\/sambacademy.com\/fr\/puffy-face-pillow-face-va-te-coucher-on-a-trouve-la-solution\/","og_site_name":"SAMBA","article_publisher":"https:\/\/www.facebook.com\/people\/SAMBA-Swiss-Aesthetic-Medicine-Business-Academy\/100084333172309\/","article_modified_time":"2026-02-06T13:51:06+00:00","og_image":[{"width":2000,"height":1143,"url":"https:\/\/sambacademy.com\/wp-content\/uploads\/2026\/02\/Puffy-Face-Pillow-Face.jpg","type":"image\/jpeg"}],"twitter_card":"summary_large_image","twitter_misc":{"Dur\u00e9e de lecture estim\u00e9e":"4 minutes"},"schema":{"@context":"https:\/\/schema.org","@graph":[{"@type":"WebPage","@id":"https:\/\/sambacademy.com\/fr\/puffy-face-pillow-face-va-te-coucher-on-a-trouve-la-solution\/","url":"https:\/\/sambacademy.com\/fr\/puffy-face-pillow-face-va-te-coucher-on-a-trouve-la-solution\/","name":"Puffy Face \/ Pillow Face : va te coucher, on a trouv\u00e9 la solution - SAMBA","isPartOf":{"@id":"https:\/\/sambacademy.com\/fr\/#website"},"primaryImageOfPage":{"@id":"https:\/\/sambacademy.com\/fr\/puffy-face-pillow-face-va-te-coucher-on-a-trouve-la-solution\/#primaryimage"},"image":{"@id":"https:\/\/sambacademy.com\/fr\/puffy-face-pillow-face-va-te-coucher-on-a-trouve-la-solution\/#primaryimage"},"thumbnailUrl":"https:\/\/sambacademy.com\/wp-content\/uploads\/2026\/02\/Puffy-Face-Pillow-Face.jpg","datePublished":"2026-02-06T13:50:00+00:00","dateModified":"2026-02-06T13:51:06+00:00","breadcrumb":{"@id":"https:\/\/sambacademy.com\/fr\/puffy-face-pillow-face-va-te-coucher-on-a-trouve-la-solution\/#breadcrumb"},"inLanguage":"fr-FR","potentialAction":[{"@type":"ReadAction","target":["https:\/\/sambacademy.com\/fr\/puffy-face-pillow-face-va-te-coucher-on-a-trouve-la-solution\/"]}]},{"@type":"ImageObject","inLanguage":"fr-FR","@id":"https:\/\/sambacademy.com\/fr\/puffy-face-pillow-face-va-te-coucher-on-a-trouve-la-solution\/#primaryimage","url":"https:\/\/sambacademy.com\/wp-content\/uploads\/2026\/02\/Puffy-Face-Pillow-Face.jpg","contentUrl":"https:\/\/sambacademy.com\/wp-content\/uploads\/2026\/02\/Puffy-Face-Pillow-Face.jpg","width":2000,"height":1143},{"@type":"BreadcrumbList","@id":"https:\/\/sambacademy.com\/fr\/puffy-face-pillow-face-va-te-coucher-on-a-trouve-la-solution\/#breadcrumb","itemListElement":[{"@type":"ListItem","position":1,"name":"Accueil","item":"https:\/\/sambacademy.com\/fr\/"},{"@type":"ListItem","position":2,"name":"Puffy Face \/ Pillow Face : va te coucher, on a trouv\u00e9 la solution"}]},{"@type":"WebSite","@id":"https:\/\/sambacademy.com\/fr\/#website","url":"https:\/\/sambacademy.com\/fr\/","name":"SAMBA","description":"Swiss Aesthetic Medicine and Business Academy","publisher":{"@id":"https:\/\/sambacademy.com\/fr\/#organization"},"potentialAction":[{"@type":"SearchAction","target":{"@type":"EntryPoint","urlTemplate":"https:\/\/sambacademy.com\/fr\/?s={search_term_string}"},"query-input":{"@type":"PropertyValueSpecification","valueRequired":true,"valueName":"search_term_string"}}],"inLanguage":"fr-FR"},{"@type":"Organization","@id":"https:\/\/sambacademy.com\/fr\/#organization","name":"SAMBA \u2013 Swiss Aesthetic Medicine and Business Academy","url":"https:\/\/sambacademy.com\/fr\/","logo":{"@type":"ImageObject","inLanguage":"fr-FR","@id":"https:\/\/sambacademy.com\/fr\/#\/schema\/logo\/image\/","url":"https:\/\/sambacademy.com\/wp-content\/uploads\/2023\/10\/SAMBA_logo_tagline.png","contentUrl":"https:\/\/sambacademy.com\/wp-content\/uploads\/2023\/10\/SAMBA_logo_tagline.png","width":600,"height":123,"caption":"SAMBA \u2013 Swiss Aesthetic Medicine and Business Academy"},"image":{"@id":"https:\/\/sambacademy.com\/fr\/#\/schema\/logo\/image\/"},"sameAs":["https:\/\/www.facebook.com\/people\/SAMBA-Swiss-Aesthetic-Medicine-Business-Academy\/100084333172309\/","https:\/\/www.linkedin.com\/company\/samba-academy\/","https:\/\/www.instagram.com\/samba_academy_official\/"]}]}},"_links":{"self":[{"href":"https:\/\/sambacademy.com\/fr\/wp-json\/wp\/v2\/pages\/44395","targetHints":{"allow":["GET"]}}],"collection":[{"href":"https:\/\/sambacademy.com\/fr\/wp-json\/wp\/v2\/pages"}],"about":[{"href":"https:\/\/sambacademy.com\/fr\/wp-json\/wp\/v2\/types\/page"}],"author":[{"embeddable":true,"href":"https:\/\/sambacademy.com\/fr\/wp-json\/wp\/v2\/users\/2"}],"replies":[{"embeddable":true,"href":"https:\/\/sambacademy.com\/fr\/wp-json\/wp\/v2\/comments?post=44395"}],"version-history":[{"count":1,"href":"https:\/\/sambacademy.com\/fr\/wp-json\/wp\/v2\/pages\/44395\/revisions"}],"predecessor-version":[{"id":44396,"href":"https:\/\/sambacademy.com\/fr\/wp-json\/wp\/v2\/pages\/44395\/revisions\/44396"}],"wp:featuredmedia":[{"embeddable":true,"href":"https:\/\/sambacademy.com\/fr\/wp-json\/wp\/v2\/media\/44392"}],"wp:attachment":[{"href":"https:\/\/sambacademy.com\/fr\/wp-json\/wp\/v2\/media?parent=44395"}],"curies":[{"name":"wp","href":"https:\/\/api.w.org\/{rel}","templated":true}]}}