{"id":35920,"date":"2023-10-17T17:18:19","date_gmt":"2023-10-17T15:18:19","guid":{"rendered":"https:\/\/sambacademy.com\/monsieur-adam-haroun\/"},"modified":"2023-12-08T10:16:05","modified_gmt":"2023-12-08T09:16:05","slug":"monsieur-adam-haroun","status":"publish","type":"page","link":"https:\/\/sambacademy.com\/fr\/faculte\/monsieur-adam-haroun\/","title":{"rendered":"Monsieur Adam Haroun"},"content":{"rendered":"\t\t<div data-elementor-type=\"wp-page\" data-elementor-id=\"35920\" class=\"elementor elementor-35920 elementor-31012\" data-elementor-post-type=\"page\">\n\t\t\t\t<div class=\"elementor-element elementor-element-dba28dc e-flex e-con-boxed e-con e-parent\" data-id=\"dba28dc\" data-element_type=\"container\" data-e-type=\"container\">\n\t\t\t\t\t<div class=\"e-con-inner\">\n\t\t<div class=\"elementor-element elementor-element-915f1fd e-con-full e-flex e-con e-child\" data-id=\"915f1fd\" data-element_type=\"container\" data-e-type=\"container\">\n\t\t\t\t<div class=\"elementor-element elementor-element-1ff2038 elementor-widget elementor-widget-image\" data-id=\"1ff2038\" data-element_type=\"widget\" data-e-type=\"widget\" data-widget_type=\"image.default\">\n\t\t\t\t<div class=\"elementor-widget-container\">\n\t\t\t\t\t\t\t\t\t\t\t\t\t\t\t<img decoding=\"async\" width=\"200\" height=\"200\" src=\"https:\/\/sambacademy.com\/wp-content\/uploads\/2023\/10\/Adam-Haroun.jpg\" class=\"attachment-large size-large wp-image-35662\" alt=\"\" srcset=\"https:\/\/sambacademy.com\/wp-content\/uploads\/2023\/10\/Adam-Haroun.jpg 200w, https:\/\/sambacademy.com\/wp-content\/uploads\/2023\/10\/Adam-Haroun-150x150.jpg 150w\" sizes=\"(max-width: 200px) 100vw, 200px\" \/>\t\t\t\t\t\t\t\t\t\t\t\t\t\t\t<\/div>\n\t\t\t\t<\/div>\n\t\t\t\t<div class=\"elementor-element elementor-element-9c3ee62 elementor-widget elementor-widget-heading\" data-id=\"9c3ee62\" data-element_type=\"widget\" data-e-type=\"widget\" data-widget_type=\"heading.default\">\n\t\t\t\t<div class=\"elementor-widget-container\">\n\t\t\t\t\t<h1 class=\"elementor-heading-title elementor-size-default\">Monsieur Adam Haroun\n<\/h1>\t\t\t\t<\/div>\n\t\t\t\t<\/div>\n\t\t\t\t<div class=\"elementor-element elementor-element-d79cd4a elementor-widget elementor-widget-heading\" data-id=\"d79cd4a\" data-element_type=\"widget\" data-e-type=\"widget\" data-widget_type=\"heading.default\">\n\t\t\t\t<div class=\"elementor-widget-container\">\n\t\t\t\t\t<h2 class=\"elementor-heading-title elementor-size-default\">EXPERT MONDIAL EN MARKETING ESTH\u00c9TIQUE\n<\/h2>\t\t\t\t<\/div>\n\t\t\t\t<\/div>\n\t\t\t\t<div class=\"elementor-element elementor-element-f5301ee elementor-view-default elementor-widget elementor-widget-icon\" data-id=\"f5301ee\" data-element_type=\"widget\" data-e-type=\"widget\" data-widget_type=\"icon.default\">\n\t\t\t\t<div class=\"elementor-widget-container\">\n\t\t\t\t\t\t\t<div class=\"elementor-icon-wrapper\">\n\t\t\t<div class=\"elementor-icon\">\n\t\t\t<svg xmlns=\"http:\/\/www.w3.org\/2000\/svg\" id=\"flag-icons-ca\" viewBox=\"0 0 512 512\"><path fill=\"#fff\" d=\"M81.1 0h362.3v512H81.1z\"><\/path><path fill=\"#d52b1e\" d=\"M-100 0H81.1v512H-100zm543.4 0h181.1v512H443.4zM135.3 247.4l-14 4.8 65.4 57.5c5 14.8-1.7 19.1-6 26.9l71-9-1.8 71.5 14.8-.5-3.3-70.9 71.2 8.4c-4.4-9.3-8.3-14.2-4.3-29l65.4-54.5-11.4-4.1c-9.4-7.3 4-34.8 6-52.2 0 0-38.1 13.1-40.6 6.2l-9.9-18.5-34.6 38c-3.8 1-5.4-.6-6.3-3.8l16-79.7-25.4 14.3c-2.1.9-4.2 0-5.6-2.4l-24.5-49-25.2 50.9c-1.9 1.8-3.8 2-5.4.8l-24.2-13.6 14.5 79.2c-1.1 3-3.9 4-7.1 2.3l-33.3-37.8c-4.3 7-7.3 18.4-13 21-5.7 2.3-25-4.9-37.9-7.7 4.4 15.9 18.2 42.3 9.5 51z\"><\/path><\/svg>\t\t\t<\/div>\n\t\t<\/div>\n\t\t\t\t\t\t<\/div>\n\t\t\t\t<\/div>\n\t\t\t\t<div class=\"elementor-element elementor-element-68aa1a4 elementor-widget elementor-widget-text-editor\" data-id=\"68aa1a4\" data-element_type=\"widget\" data-e-type=\"widget\" data-widget_type=\"text-editor.default\">\n\t\t\t\t<div class=\"elementor-widget-container\">\n\t\t\t\t\t\t\t\t\t<p>Expert en marketing international dans le domaine de l&rsquo;esth\u00e9tique.  <\/p>\n\t\t\t\t\t\t\t\t<\/div>\n\t\t\t\t<\/div>\n\t\t\t\t<div class=\"elementor-element elementor-element-078d2b3 elementor-widget-divider--view-line elementor-widget elementor-widget-divider\" data-id=\"078d2b3\" data-element_type=\"widget\" data-e-type=\"widget\" data-widget_type=\"divider.default\">\n\t\t\t\t<div class=\"elementor-widget-container\">\n\t\t\t\t\t\t\t<div class=\"elementor-divider\">\n\t\t\t<span class=\"elementor-divider-separator\">\n\t\t\t\t\t\t<\/span>\n\t\t<\/div>\n\t\t\t\t\t\t<\/div>\n\t\t\t\t<\/div>\n\t\t\t\t<div class=\"elementor-element elementor-element-cc10684 elementor-shape-rounded elementor-grid-0 e-grid-align-center elementor-widget elementor-widget-social-icons\" data-id=\"cc10684\" data-element_type=\"widget\" data-e-type=\"widget\" data-widget_type=\"social-icons.default\">\n\t\t\t\t<div class=\"elementor-widget-container\">\n\t\t\t\t\t\t\t<div class=\"elementor-social-icons-wrapper elementor-grid\" role=\"list\">\n\t\t\t\t\t\t\t<span class=\"elementor-grid-item\" role=\"listitem\">\n\t\t\t\t\t<a class=\"elementor-icon elementor-social-icon elementor-social-icon-instagram elementor-repeater-item-86d4175\" href=\"https:\/\/www.instagram.com\/adamlovesbranding\/\" target=\"_blank\">\n\t\t\t\t\t\t<span class=\"elementor-screen-only\">Instagram<\/span>\n\t\t\t\t\t\t<i aria-hidden=\"true\" class=\"fab fa-instagram\"><\/i>\t\t\t\t\t<\/a>\n\t\t\t\t<\/span>\n\t\t\t\t\t\t\t<span class=\"elementor-grid-item\" role=\"listitem\">\n\t\t\t\t\t<a class=\"elementor-icon elementor-social-icon elementor-social-icon-linkedin elementor-repeater-item-2dd9aa9\" href=\"https:\/\/www.linkedin.com\/in\/adam-haroun-19639a15\/\" target=\"_blank\">\n\t\t\t\t\t\t<span class=\"elementor-screen-only\">Linkedin<\/span>\n\t\t\t\t\t\t<i aria-hidden=\"true\" class=\"fab fa-linkedin\"><\/i>\t\t\t\t\t<\/a>\n\t\t\t\t<\/span>\n\t\t\t\t\t<\/div>\n\t\t\t\t\t\t<\/div>\n\t\t\t\t<\/div>\n\t\t\t\t<\/div>\n\t\t<div class=\"elementor-element elementor-element-72abdd0 e-con-full e-flex e-con e-child\" data-id=\"72abdd0\" data-element_type=\"container\" data-e-type=\"container\">\n\t\t\t\t<div class=\"elementor-element elementor-element-1536857 elementor-tabs-view-horizontal elementor-widget elementor-widget-tabs\" data-id=\"1536857\" data-element_type=\"widget\" data-e-type=\"widget\" data-widget_type=\"tabs.default\">\n\t\t\t\t<div class=\"elementor-widget-container\">\n\t\t\t\t\t\t\t<div class=\"elementor-tabs\">\n\t\t\t<div class=\"elementor-tabs-wrapper\" role=\"tablist\" >\n\t\t\t\t\t\t\t\t\t<div id=\"elementor-tab-title-2221\" class=\"elementor-tab-title elementor-tab-desktop-title\" aria-selected=\"true\" data-tab=\"1\" role=\"tab\" tabindex=\"0\" aria-controls=\"elementor-tab-content-2221\" aria-expanded=\"false\"><svg xmlns=\"http:\/\/www.w3.org\/2000\/svg\" height=\"0.75em\" viewbox=\"0 0 448 512\"><!--! Font Awesome Free 6.4.2 by @fontawesome - https:\/\/fontawesome.com License - https:\/\/fontawesome.com\/license (Commercial License) Copyright 2023 Fonticons, Inc. --><style>svg{fill:#085b61}<\/style><path d=\"M304 128a80 80 0 1 0 -160 0 80 80 0 1 0 160 0zM96 128a128 128 0 1 1 256 0A128 128 0 1 1 96 128zM49.3 464H398.7c-8.9-63.3-63.3-112-129-112H178.3c-65.7 0-120.1 48.7-129 112zM0 482.3C0 383.8 79.8 304 178.3 304h91.4C368.2 304 448 383.8 448 482.3c0 16.4-13.3 29.7-29.7 29.7H29.7C13.3 512 0 498.7 0 482.3z\"><\/path><\/svg> &nbsp;A propos de moi<\/div>\n\t\t\t\t\t\t\t<\/div>\n\t\t\t<div class=\"elementor-tabs-content-wrapper\" role=\"tablist\" aria-orientation=\"vertical\">\n\t\t\t\t\t\t\t\t\t<div class=\"elementor-tab-title elementor-tab-mobile-title\" aria-selected=\"true\" data-tab=\"1\" role=\"tab\" tabindex=\"0\" aria-controls=\"elementor-tab-content-2221\" aria-expanded=\"false\"><svg xmlns=\"http:\/\/www.w3.org\/2000\/svg\" height=\"0.75em\" viewbox=\"0 0 448 512\"><!--! Font Awesome Free 6.4.2 by @fontawesome - https:\/\/fontawesome.com License - https:\/\/fontawesome.com\/license (Commercial License) Copyright 2023 Fonticons, Inc. --><style>svg{fill:#085b61}<\/style><path d=\"M304 128a80 80 0 1 0 -160 0 80 80 0 1 0 160 0zM96 128a128 128 0 1 1 256 0A128 128 0 1 1 96 128zM49.3 464H398.7c-8.9-63.3-63.3-112-129-112H178.3c-65.7 0-120.1 48.7-129 112zM0 482.3C0 383.8 79.8 304 178.3 304h91.4C368.2 304 448 383.8 448 482.3c0 16.4-13.3 29.7-29.7 29.7H29.7C13.3 512 0 498.7 0 482.3z\"><\/path><\/svg> &nbsp;A propos de moi<\/div>\n\t\t\t\t\t<div id=\"elementor-tab-content-2221\" class=\"elementor-tab-content elementor-clearfix\" data-tab=\"1\" role=\"tabpanel\" aria-labelledby=\"elementor-tab-title-2221\" tabindex=\"0\" hidden=\"false\"><p>Adam Haroun est de plus en plus consid\u00e9r\u00e9 comme la voix la plus innovante en mati\u00e8re de marketing pour les cabinets d&rsquo;esth\u00e9tique. En peu de temps, il a mis le secteur en \u00e9bullition en apportant son message d&rsquo;innovation en mati\u00e8re de marketing et en \u00e9vitant la concurrence des prix aux leaders de l&rsquo;industrie en Europe, au Moyen-Orient et aux \u00c9tats-Unis.<\/p>\n<p>Entrepreneur et strat\u00e8ge marketing reconnu, Adam a cr\u00e9\u00e9 sa soci\u00e9t\u00e9 d&rsquo;\u00e9v\u00e9nements et de formation au marketing, Aesthetic Altitude, pour rem\u00e9dier \u00e0 la \u00ab\u00a0d\u00e9connexion\u00a0\u00bb qu&rsquo;il a remarqu\u00e9e pour la premi\u00e8re fois en recherchant ses propres traitements &#8211; le fait que de nombreux cabinets exceptionnels s&rsquo;appuient sur une publicit\u00e9 \u00e0 la fois peu inspir\u00e9e et virtuellement identique \u00e0 celle de leurs concurrents<\/p>\n<p>Adam est \u00e9galement l&rsquo;auteur de \u00ab\u00a0Now The Patient Will See You\u00a0\u00bb &#8211; le premier et le seul livre qui sert de guide strat\u00e9gique pour la strat\u00e9gie de marque et le positionnement des cabinets d&rsquo;esth\u00e9tique, afin qu&rsquo;ils ne soient plus jamais concurrenc\u00e9s par les prix.<\/p>\n<\/div>\n\t\t\t\t\t\t\t<\/div>\n\t\t<\/div>\n\t\t\t\t\t\t<\/div>\n\t\t\t\t<\/div>\n\t\t\t\t<\/div>\n\t\t\t\t\t<\/div>\n\t\t\t\t<\/div>\n\t\t<div class=\"elementor-element elementor-element-4eae5ca e-con-full e-flex e-con e-parent\" data-id=\"4eae5ca\" data-element_type=\"container\" data-e-type=\"container\">\n\t\t\t\t<div class=\"elementor-element elementor-element-6043eda elementor-widget elementor-widget-template\" data-id=\"6043eda\" data-element_type=\"widget\" data-e-type=\"widget\" data-widget_type=\"template.default\">\n\t\t\t\t<div class=\"elementor-widget-container\">\n\t\t\t\t\t\t\t<div class=\"elementor-template\">\n\t\t\t\t\t<div data-elementor-type=\"container\" data-elementor-id=\"36078\" class=\"elementor elementor-36078 elementor-31856\" data-elementor-post-type=\"elementor_library\">\n\t\t\t\t<div class=\"elementor-element elementor-element-39aa9618 e-flex e-con-boxed e-con e-parent\" data-id=\"39aa9618\" data-element_type=\"container\" data-e-type=\"container\" data-settings=\"{&quot;background_background&quot;:&quot;classic&quot;}\">\n\t\t\t\t\t<div class=\"e-con-inner\">\n\t\t<div class=\"elementor-element elementor-element-5cb3226a e-con-full e-flex e-con e-child\" data-id=\"5cb3226a\" data-element_type=\"container\" data-e-type=\"container\">\n\t\t\t\t<div class=\"elementor-element elementor-element-6a49d6c elementor-widget elementor-widget-heading\" data-id=\"6a49d6c\" data-element_type=\"widget\" data-e-type=\"widget\" data-widget_type=\"heading.default\">\n\t\t\t\t<div class=\"elementor-widget-container\">\n\t\t\t\t\t<h2 class=\"elementor-heading-title elementor-size-default\">Commencez votre voyage en m\u00e9decine esth\u00e9tique : <span class=\"font\">Acc\u00e8s gratuit au cours<\/span><\/h2>\t\t\t\t<\/div>\n\t\t\t\t<\/div>\n\t\t\t\t<div class=\"elementor-element elementor-element-356e9ba8 elementor-widget elementor-widget-text-editor\" data-id=\"356e9ba8\" data-element_type=\"widget\" data-e-type=\"widget\" data-widget_type=\"text-editor.default\">\n\t\t\t\t<div class=\"elementor-widget-container\">\n\t\t\t\t\t\t\t\t\t<p>Faites l&rsquo;exp\u00e9rience de la formation en m\u00e9decine esth\u00e9tique de haute qualit\u00e9 de SAMBA. Acc\u00e9dez \u00e0 un extrait de cours et \u00e0 un quiz gratuits, parfaits pour les d\u00e9butants. D\u00e9couvrez notre programme complet et faites le premier pas vers votre nouvelle carri\u00e8re.<\/p>\t\t\t\t\t\t\t\t<\/div>\n\t\t\t\t<\/div>\n\t\t\t\t<div class=\"elementor-element elementor-element-4a6d13b2 elementor-widget elementor-widget-button\" data-id=\"4a6d13b2\" data-element_type=\"widget\" data-e-type=\"widget\" data-widget_type=\"button.default\">\n\t\t\t\t<div class=\"elementor-widget-container\">\n\t\t\t\t\t\t\t\t\t<div class=\"elementor-button-wrapper\">\n\t\t\t\t\t<a class=\"elementor-button elementor-button-link elementor-size-lg\" href=\"https:\/\/platform.sambacademy.com\/fr-free-trial-3x\" target=\"_blank\">\n\t\t\t\t\t\t<span class=\"elementor-button-content-wrapper\">\n\t\t\t\t\t\t\t\t\t<span class=\"elementor-button-text\">Acc\u00e9der au cours gratuit maintenant<\/span>\n\t\t\t\t\t<\/span>\n\t\t\t\t\t<\/a>\n\t\t\t\t<\/div>\n\t\t\t\t\t\t\t\t<\/div>\n\t\t\t\t<\/div>\n\t\t\t\t<\/div>\n\t\t<div class=\"elementor-element elementor-element-36953d45 e-con-full e-flex e-con e-child\" data-id=\"36953d45\" data-element_type=\"container\" data-e-type=\"container\">\n\t\t\t\t<div class=\"elementor-element elementor-element-ea6d397 elementor-widget elementor-widget-video\" data-id=\"ea6d397\" data-element_type=\"widget\" data-e-type=\"widget\" data-settings=\"{&quot;video_type&quot;:&quot;vimeo&quot;}\" data-widget_type=\"video.default\">\n\t\t\t\t<div class=\"elementor-widget-container\">\n\t\t\t\t\t\t\t<div class=\"elementor-wrapper elementor-open-inline\">\n\t\t\t<iframe class=\"elementor-video-iframe\" allowfullscreen allow=\"clipboard-write\" title=\"Lecteur vid\u00e9o vimeo\" src=\"https:\/\/player.vimeo.com\/video\/1000700752?color&amp;autopause=0&amp;loop=0&amp;muted=0&amp;title=0&amp;portrait=0&amp;byline=0#t=\"><\/iframe>\t\t<\/div>\n\t\t\t\t\t\t<\/div>\n\t\t\t\t<\/div>\n\t\t\t\t<\/div>\n\t\t\t\t\t<\/div>\n\t\t\t\t<\/div>\n\t\t\t\t<\/div>\n\t\t\t\t<\/div>\n\t\t\t\t\t\t<\/div>\n\t\t\t\t<\/div>\n\t\t\t\t<\/div>\n\t\t\t\t<\/div>\n\t\t","protected":false},"excerpt":{"rendered":"<p>Monsieur Adam Haroun EXPERT MONDIAL EN MARKETING ESTH\u00c9TIQUE Expert en marketing international dans le domaine de l&rsquo;esth\u00e9tique. Instagram Linkedin &nbsp;A propos de moi &nbsp;A propos de moi Adam Haroun est de plus en plus consid\u00e9r\u00e9 comme la voix la plus innovante en mati\u00e8re de marketing pour les cabinets d&#8217;esth\u00e9tique. En peu de temps, il a [&hellip;]<\/p>\n","protected":false},"author":1,"featured_media":0,"parent":35973,"menu_order":0,"comment_status":"closed","ping_status":"closed","template":"","meta":{"content-type":"","_joinchat":[],"footnotes":"","_links_to":"","_links_to_target":""},"class_list":["post-35920","page","type-page","status-publish","hentry"],"yoast_head":"<!-- This site is optimized with the Yoast SEO plugin v27.4 - https:\/\/yoast.com\/product\/yoast-seo-wordpress\/ -->\n<title>Monsieur Adam Haroun - SAMBA<\/title>\n<meta name=\"robots\" content=\"index, follow, max-snippet:-1, max-image-preview:large, max-video-preview:-1\" \/>\n<link rel=\"canonical\" href=\"https:\/\/sambacademy.com\/fr\/faculte\/monsieur-adam-haroun\/\" \/>\n<meta property=\"og:locale\" content=\"fr_FR\" \/>\n<meta property=\"og:type\" content=\"article\" \/>\n<meta property=\"og:title\" content=\"Monsieur Adam Haroun - SAMBA\" \/>\n<meta property=\"og:description\" content=\"Monsieur Adam Haroun EXPERT MONDIAL EN MARKETING ESTH\u00c9TIQUE Expert en marketing international dans le domaine de l&rsquo;esth\u00e9tique. Instagram Linkedin &nbsp;A propos de moi &nbsp;A propos de moi Adam Haroun est de plus en plus consid\u00e9r\u00e9 comme la voix la plus innovante en mati\u00e8re de marketing pour les cabinets d&#8217;esth\u00e9tique. En peu de temps, il a [&hellip;]\" \/>\n<meta property=\"og:url\" content=\"https:\/\/sambacademy.com\/fr\/faculte\/monsieur-adam-haroun\/\" \/>\n<meta property=\"og:site_name\" content=\"SAMBA\" \/>\n<meta property=\"article:publisher\" content=\"https:\/\/www.facebook.com\/people\/SAMBA-Swiss-Aesthetic-Medicine-Business-Academy\/100084333172309\/\" \/>\n<meta property=\"article:modified_time\" content=\"2023-12-08T09:16:05+00:00\" \/>\n<meta property=\"og:image\" content=\"http:\/\/sambacademy.com\/wp-content\/uploads\/2023\/10\/Adam-Haroun.jpg\" \/>\n<meta name=\"twitter:card\" content=\"summary_large_image\" \/>\n<meta name=\"twitter:label1\" content=\"Dur\u00e9e de lecture estim\u00e9e\" \/>\n\t<meta name=\"twitter:data1\" content=\"2 minutes\" \/>\n<script type=\"application\/ld+json\" class=\"yoast-schema-graph\">{\"@context\":\"https:\\\/\\\/schema.org\",\"@graph\":[{\"@type\":\"WebPage\",\"@id\":\"https:\\\/\\\/sambacademy.com\\\/fr\\\/faculte\\\/monsieur-adam-haroun\\\/\",\"url\":\"https:\\\/\\\/sambacademy.com\\\/fr\\\/faculte\\\/monsieur-adam-haroun\\\/\",\"name\":\"Monsieur Adam Haroun - SAMBA\",\"isPartOf\":{\"@id\":\"https:\\\/\\\/sambacademy.com\\\/fr\\\/#website\"},\"primaryImageOfPage\":{\"@id\":\"https:\\\/\\\/sambacademy.com\\\/fr\\\/faculte\\\/monsieur-adam-haroun\\\/#primaryimage\"},\"image\":{\"@id\":\"https:\\\/\\\/sambacademy.com\\\/fr\\\/faculte\\\/monsieur-adam-haroun\\\/#primaryimage\"},\"thumbnailUrl\":\"http:\\\/\\\/sambacademy.com\\\/wp-content\\\/uploads\\\/2023\\\/10\\\/Adam-Haroun.jpg\",\"datePublished\":\"2023-10-17T15:18:19+00:00\",\"dateModified\":\"2023-12-08T09:16:05+00:00\",\"breadcrumb\":{\"@id\":\"https:\\\/\\\/sambacademy.com\\\/fr\\\/faculte\\\/monsieur-adam-haroun\\\/#breadcrumb\"},\"inLanguage\":\"fr-FR\",\"potentialAction\":[{\"@type\":\"ReadAction\",\"target\":[\"https:\\\/\\\/sambacademy.com\\\/fr\\\/faculte\\\/monsieur-adam-haroun\\\/\"]}]},{\"@type\":\"ImageObject\",\"inLanguage\":\"fr-FR\",\"@id\":\"https:\\\/\\\/sambacademy.com\\\/fr\\\/faculte\\\/monsieur-adam-haroun\\\/#primaryimage\",\"url\":\"http:\\\/\\\/sambacademy.com\\\/wp-content\\\/uploads\\\/2023\\\/10\\\/Adam-Haroun.jpg\",\"contentUrl\":\"http:\\\/\\\/sambacademy.com\\\/wp-content\\\/uploads\\\/2023\\\/10\\\/Adam-Haroun.jpg\"},{\"@type\":\"BreadcrumbList\",\"@id\":\"https:\\\/\\\/sambacademy.com\\\/fr\\\/faculte\\\/monsieur-adam-haroun\\\/#breadcrumb\",\"itemListElement\":[{\"@type\":\"ListItem\",\"position\":1,\"name\":\"Accueil\",\"item\":\"https:\\\/\\\/sambacademy.com\\\/fr\\\/\"},{\"@type\":\"ListItem\",\"position\":2,\"name\":\"Facult\u00e9\",\"item\":\"https:\\\/\\\/sambacademy.com\\\/fr\\\/faculte\\\/\"},{\"@type\":\"ListItem\",\"position\":3,\"name\":\"Monsieur Adam Haroun\"}]},{\"@type\":\"WebSite\",\"@id\":\"https:\\\/\\\/sambacademy.com\\\/fr\\\/#website\",\"url\":\"https:\\\/\\\/sambacademy.com\\\/fr\\\/\",\"name\":\"SAMBA\",\"description\":\"Swiss Aesthetic Medicine and Business Academy\",\"publisher\":{\"@id\":\"https:\\\/\\\/sambacademy.com\\\/fr\\\/#organization\"},\"potentialAction\":[{\"@type\":\"SearchAction\",\"target\":{\"@type\":\"EntryPoint\",\"urlTemplate\":\"https:\\\/\\\/sambacademy.com\\\/fr\\\/?s={search_term_string}\"},\"query-input\":{\"@type\":\"PropertyValueSpecification\",\"valueRequired\":true,\"valueName\":\"search_term_string\"}}],\"inLanguage\":\"fr-FR\"},{\"@type\":\"Organization\",\"@id\":\"https:\\\/\\\/sambacademy.com\\\/fr\\\/#organization\",\"name\":\"SAMBA \u2013 Swiss Aesthetic Medicine and Business Academy\",\"url\":\"https:\\\/\\\/sambacademy.com\\\/fr\\\/\",\"logo\":{\"@type\":\"ImageObject\",\"inLanguage\":\"fr-FR\",\"@id\":\"https:\\\/\\\/sambacademy.com\\\/fr\\\/#\\\/schema\\\/logo\\\/image\\\/\",\"url\":\"https:\\\/\\\/sambacademy.com\\\/wp-content\\\/uploads\\\/2023\\\/10\\\/SAMBA_logo_tagline.png\",\"contentUrl\":\"https:\\\/\\\/sambacademy.com\\\/wp-content\\\/uploads\\\/2023\\\/10\\\/SAMBA_logo_tagline.png\",\"width\":600,\"height\":123,\"caption\":\"SAMBA \u2013 Swiss Aesthetic Medicine and Business Academy\"},\"image\":{\"@id\":\"https:\\\/\\\/sambacademy.com\\\/fr\\\/#\\\/schema\\\/logo\\\/image\\\/\"},\"sameAs\":[\"https:\\\/\\\/www.facebook.com\\\/people\\\/SAMBA-Swiss-Aesthetic-Medicine-Business-Academy\\\/100084333172309\\\/\",\"https:\\\/\\\/www.linkedin.com\\\/company\\\/samba-academy\\\/\",\"https:\\\/\\\/www.instagram.com\\\/samba_academy_official\\\/\"]}]}<\/script>\n<!-- \/ Yoast SEO plugin. -->","yoast_head_json":{"title":"Monsieur Adam Haroun - SAMBA","robots":{"index":"index","follow":"follow","max-snippet":"max-snippet:-1","max-image-preview":"max-image-preview:large","max-video-preview":"max-video-preview:-1"},"canonical":"https:\/\/sambacademy.com\/fr\/faculte\/monsieur-adam-haroun\/","og_locale":"fr_FR","og_type":"article","og_title":"Monsieur Adam Haroun - SAMBA","og_description":"Monsieur Adam Haroun EXPERT MONDIAL EN MARKETING ESTH\u00c9TIQUE Expert en marketing international dans le domaine de l&rsquo;esth\u00e9tique. Instagram Linkedin &nbsp;A propos de moi &nbsp;A propos de moi Adam Haroun est de plus en plus consid\u00e9r\u00e9 comme la voix la plus innovante en mati\u00e8re de marketing pour les cabinets d&#8217;esth\u00e9tique. En peu de temps, il a [&hellip;]","og_url":"https:\/\/sambacademy.com\/fr\/faculte\/monsieur-adam-haroun\/","og_site_name":"SAMBA","article_publisher":"https:\/\/www.facebook.com\/people\/SAMBA-Swiss-Aesthetic-Medicine-Business-Academy\/100084333172309\/","article_modified_time":"2023-12-08T09:16:05+00:00","og_image":[{"url":"http:\/\/sambacademy.com\/wp-content\/uploads\/2023\/10\/Adam-Haroun.jpg","type":"","width":"","height":""}],"twitter_card":"summary_large_image","twitter_misc":{"Dur\u00e9e de lecture estim\u00e9e":"2 minutes"},"schema":{"@context":"https:\/\/schema.org","@graph":[{"@type":"WebPage","@id":"https:\/\/sambacademy.com\/fr\/faculte\/monsieur-adam-haroun\/","url":"https:\/\/sambacademy.com\/fr\/faculte\/monsieur-adam-haroun\/","name":"Monsieur Adam Haroun - SAMBA","isPartOf":{"@id":"https:\/\/sambacademy.com\/fr\/#website"},"primaryImageOfPage":{"@id":"https:\/\/sambacademy.com\/fr\/faculte\/monsieur-adam-haroun\/#primaryimage"},"image":{"@id":"https:\/\/sambacademy.com\/fr\/faculte\/monsieur-adam-haroun\/#primaryimage"},"thumbnailUrl":"http:\/\/sambacademy.com\/wp-content\/uploads\/2023\/10\/Adam-Haroun.jpg","datePublished":"2023-10-17T15:18:19+00:00","dateModified":"2023-12-08T09:16:05+00:00","breadcrumb":{"@id":"https:\/\/sambacademy.com\/fr\/faculte\/monsieur-adam-haroun\/#breadcrumb"},"inLanguage":"fr-FR","potentialAction":[{"@type":"ReadAction","target":["https:\/\/sambacademy.com\/fr\/faculte\/monsieur-adam-haroun\/"]}]},{"@type":"ImageObject","inLanguage":"fr-FR","@id":"https:\/\/sambacademy.com\/fr\/faculte\/monsieur-adam-haroun\/#primaryimage","url":"http:\/\/sambacademy.com\/wp-content\/uploads\/2023\/10\/Adam-Haroun.jpg","contentUrl":"http:\/\/sambacademy.com\/wp-content\/uploads\/2023\/10\/Adam-Haroun.jpg"},{"@type":"BreadcrumbList","@id":"https:\/\/sambacademy.com\/fr\/faculte\/monsieur-adam-haroun\/#breadcrumb","itemListElement":[{"@type":"ListItem","position":1,"name":"Accueil","item":"https:\/\/sambacademy.com\/fr\/"},{"@type":"ListItem","position":2,"name":"Facult\u00e9","item":"https:\/\/sambacademy.com\/fr\/faculte\/"},{"@type":"ListItem","position":3,"name":"Monsieur Adam Haroun"}]},{"@type":"WebSite","@id":"https:\/\/sambacademy.com\/fr\/#website","url":"https:\/\/sambacademy.com\/fr\/","name":"SAMBA","description":"Swiss Aesthetic Medicine and Business Academy","publisher":{"@id":"https:\/\/sambacademy.com\/fr\/#organization"},"potentialAction":[{"@type":"SearchAction","target":{"@type":"EntryPoint","urlTemplate":"https:\/\/sambacademy.com\/fr\/?s={search_term_string}"},"query-input":{"@type":"PropertyValueSpecification","valueRequired":true,"valueName":"search_term_string"}}],"inLanguage":"fr-FR"},{"@type":"Organization","@id":"https:\/\/sambacademy.com\/fr\/#organization","name":"SAMBA \u2013 Swiss Aesthetic Medicine and Business Academy","url":"https:\/\/sambacademy.com\/fr\/","logo":{"@type":"ImageObject","inLanguage":"fr-FR","@id":"https:\/\/sambacademy.com\/fr\/#\/schema\/logo\/image\/","url":"https:\/\/sambacademy.com\/wp-content\/uploads\/2023\/10\/SAMBA_logo_tagline.png","contentUrl":"https:\/\/sambacademy.com\/wp-content\/uploads\/2023\/10\/SAMBA_logo_tagline.png","width":600,"height":123,"caption":"SAMBA \u2013 Swiss Aesthetic Medicine and Business Academy"},"image":{"@id":"https:\/\/sambacademy.com\/fr\/#\/schema\/logo\/image\/"},"sameAs":["https:\/\/www.facebook.com\/people\/SAMBA-Swiss-Aesthetic-Medicine-Business-Academy\/100084333172309\/","https:\/\/www.linkedin.com\/company\/samba-academy\/","https:\/\/www.instagram.com\/samba_academy_official\/"]}]}},"_links":{"self":[{"href":"https:\/\/sambacademy.com\/fr\/wp-json\/wp\/v2\/pages\/35920","targetHints":{"allow":["GET"]}}],"collection":[{"href":"https:\/\/sambacademy.com\/fr\/wp-json\/wp\/v2\/pages"}],"about":[{"href":"https:\/\/sambacademy.com\/fr\/wp-json\/wp\/v2\/types\/page"}],"author":[{"embeddable":true,"href":"https:\/\/sambacademy.com\/fr\/wp-json\/wp\/v2\/users\/1"}],"replies":[{"embeddable":true,"href":"https:\/\/sambacademy.com\/fr\/wp-json\/wp\/v2\/comments?post=35920"}],"version-history":[{"count":4,"href":"https:\/\/sambacademy.com\/fr\/wp-json\/wp\/v2\/pages\/35920\/revisions"}],"predecessor-version":[{"id":36434,"href":"https:\/\/sambacademy.com\/fr\/wp-json\/wp\/v2\/pages\/35920\/revisions\/36434"}],"up":[{"embeddable":true,"href":"https:\/\/sambacademy.com\/fr\/wp-json\/wp\/v2\/pages\/35973"}],"wp:attachment":[{"href":"https:\/\/sambacademy.com\/fr\/wp-json\/wp\/v2\/media?parent=35920"}],"curies":[{"name":"wp","href":"https:\/\/api.w.org\/{rel}","templated":true}]}}