{"id":35900,"date":"2023-10-17T17:21:31","date_gmt":"2023-10-17T15:21:31","guid":{"rendered":"https:\/\/sambacademy.com\/pr-philippe-humbert\/"},"modified":"2023-12-08T10:15:46","modified_gmt":"2023-12-08T09:15:46","slug":"pr-philippe-humbert","status":"publish","type":"page","link":"https:\/\/sambacademy.com\/fr\/faculte\/pr-philippe-humbert\/","title":{"rendered":"Pr. Philippe Humbert"},"content":{"rendered":"\t\t<div data-elementor-type=\"wp-page\" data-elementor-id=\"35900\" class=\"elementor elementor-35900 elementor-31032\" data-elementor-post-type=\"page\">\n\t\t\t\t<div class=\"elementor-element elementor-element-dba28dc e-flex e-con-boxed e-con e-parent\" data-id=\"dba28dc\" data-element_type=\"container\" data-e-type=\"container\">\n\t\t\t\t\t<div class=\"e-con-inner\">\n\t\t<div class=\"elementor-element elementor-element-915f1fd e-con-full e-flex e-con e-child\" data-id=\"915f1fd\" data-element_type=\"container\" data-e-type=\"container\">\n\t\t\t\t<div class=\"elementor-element elementor-element-1ff2038 elementor-widget elementor-widget-image\" data-id=\"1ff2038\" data-element_type=\"widget\" data-e-type=\"widget\" data-widget_type=\"image.default\">\n\t\t\t\t<div class=\"elementor-widget-container\">\n\t\t\t\t\t\t\t\t\t\t\t\t\t\t\t<img decoding=\"async\" width=\"200\" height=\"200\" src=\"https:\/\/sambacademy.com\/wp-content\/uploads\/2023\/10\/philippe-humbert.jpg\" class=\"attachment-large size-large wp-image-35667\" alt=\"\" srcset=\"https:\/\/sambacademy.com\/wp-content\/uploads\/2023\/10\/philippe-humbert.jpg 200w, https:\/\/sambacademy.com\/wp-content\/uploads\/2023\/10\/philippe-humbert-150x150.jpg 150w\" sizes=\"(max-width: 200px) 100vw, 200px\" \/>\t\t\t\t\t\t\t\t\t\t\t\t\t\t\t<\/div>\n\t\t\t\t<\/div>\n\t\t\t\t<div class=\"elementor-element elementor-element-9c3ee62 elementor-widget elementor-widget-heading\" data-id=\"9c3ee62\" data-element_type=\"widget\" data-e-type=\"widget\" data-widget_type=\"heading.default\">\n\t\t\t\t<div class=\"elementor-widget-container\">\n\t\t\t\t\t<h1 class=\"elementor-heading-title elementor-size-default\">Pr. Philippe Humbert<\/h1>\t\t\t\t<\/div>\n\t\t\t\t<\/div>\n\t\t\t\t<div class=\"elementor-element elementor-element-d79cd4a elementor-widget elementor-widget-heading\" data-id=\"d79cd4a\" data-element_type=\"widget\" data-e-type=\"widget\" data-widget_type=\"heading.default\">\n\t\t\t\t<div class=\"elementor-widget-container\">\n\t\t\t\t\t<h2 class=\"elementor-heading-title elementor-size-default\">DERMATOLOGUE<\/h2>\t\t\t\t<\/div>\n\t\t\t\t<\/div>\n\t\t\t\t<div class=\"elementor-element elementor-element-f5301ee elementor-view-default elementor-widget elementor-widget-icon\" data-id=\"f5301ee\" data-element_type=\"widget\" data-e-type=\"widget\" data-widget_type=\"icon.default\">\n\t\t\t\t<div class=\"elementor-widget-container\">\n\t\t\t\t\t\t\t<div class=\"elementor-icon-wrapper\">\n\t\t\t<div class=\"elementor-icon\">\n\t\t\t<svg xmlns=\"http:\/\/www.w3.org\/2000\/svg\" id=\"flag-icons-fr\" viewBox=\"0 0 512 512\"><path fill=\"#fff\" d=\"M0 0h512v512H0z\"><\/path><path fill=\"#002654\" d=\"M0 0h170.7v512H0z\"><\/path><path fill=\"#ce1126\" d=\"M341.3 0H512v512H341.3z\"><\/path><\/svg>\t\t\t<\/div>\n\t\t<\/div>\n\t\t\t\t\t\t<\/div>\n\t\t\t\t<\/div>\n\t\t\t\t<div class=\"elementor-element elementor-element-68aa1a4 elementor-widget elementor-widget-text-editor\" data-id=\"68aa1a4\" data-element_type=\"widget\" data-e-type=\"widget\" data-widget_type=\"text-editor.default\">\n\t\t\t\t<div class=\"elementor-widget-container\">\n\t\t\t\t\t\t\t\t\tDermatologue de renomm\u00e9e mondiale.\n\n\t\t\t\t\t\t\t\t<\/div>\n\t\t\t\t<\/div>\n\t\t\t\t<\/div>\n\t\t<div class=\"elementor-element elementor-element-72abdd0 e-con-full e-flex e-con e-child\" data-id=\"72abdd0\" data-element_type=\"container\" data-e-type=\"container\">\n\t\t\t\t<div class=\"elementor-element elementor-element-1536857 elementor-tabs-view-horizontal elementor-widget elementor-widget-tabs\" data-id=\"1536857\" data-element_type=\"widget\" data-e-type=\"widget\" data-widget_type=\"tabs.default\">\n\t\t\t\t<div class=\"elementor-widget-container\">\n\t\t\t\t\t\t\t<div class=\"elementor-tabs\">\n\t\t\t<div class=\"elementor-tabs-wrapper\" role=\"tablist\" >\n\t\t\t\t\t\t\t\t\t<div id=\"elementor-tab-title-2221\" class=\"elementor-tab-title elementor-tab-desktop-title\" aria-selected=\"true\" data-tab=\"1\" role=\"tab\" tabindex=\"0\" aria-controls=\"elementor-tab-content-2221\" aria-expanded=\"false\"><svg xmlns=\"http:\/\/www.w3.org\/2000\/svg\" height=\"0.75em\" viewbox=\"0 0 448 512\"><!--! Font Awesome Free 6.4.2 by @fontawesome - https:\/\/fontawesome.com License - https:\/\/fontawesome.com\/license (Commercial License) Copyright 2023 Fonticons, Inc. --><style>svg{fill:#085b61}<\/style><path d=\"M304 128a80 80 0 1 0 -160 0 80 80 0 1 0 160 0zM96 128a128 128 0 1 1 256 0A128 128 0 1 1 96 128zM49.3 464H398.7c-8.9-63.3-63.3-112-129-112H178.3c-65.7 0-120.1 48.7-129 112zM0 482.3C0 383.8 79.8 304 178.3 304h91.4C368.2 304 448 383.8 448 482.3c0 16.4-13.3 29.7-29.7 29.7H29.7C13.3 512 0 498.7 0 482.3z\"><\/path><\/svg> &nbsp;A propos de moi<\/div>\n\t\t\t\t\t\t\t<\/div>\n\t\t\t<div class=\"elementor-tabs-content-wrapper\" role=\"tablist\" aria-orientation=\"vertical\">\n\t\t\t\t\t\t\t\t\t<div class=\"elementor-tab-title elementor-tab-mobile-title\" aria-selected=\"true\" data-tab=\"1\" role=\"tab\" tabindex=\"0\" aria-controls=\"elementor-tab-content-2221\" aria-expanded=\"false\"><svg xmlns=\"http:\/\/www.w3.org\/2000\/svg\" height=\"0.75em\" viewbox=\"0 0 448 512\"><!--! Font Awesome Free 6.4.2 by @fontawesome - https:\/\/fontawesome.com License - https:\/\/fontawesome.com\/license (Commercial License) Copyright 2023 Fonticons, Inc. --><style>svg{fill:#085b61}<\/style><path d=\"M304 128a80 80 0 1 0 -160 0 80 80 0 1 0 160 0zM96 128a128 128 0 1 1 256 0A128 128 0 1 1 96 128zM49.3 464H398.7c-8.9-63.3-63.3-112-129-112H178.3c-65.7 0-120.1 48.7-129 112zM0 482.3C0 383.8 79.8 304 178.3 304h91.4C368.2 304 448 383.8 448 482.3c0 16.4-13.3 29.7-29.7 29.7H29.7C13.3 512 0 498.7 0 482.3z\"><\/path><\/svg> &nbsp;A propos de moi<\/div>\n\t\t\t\t\t<div id=\"elementor-tab-content-2221\" class=\"elementor-tab-content elementor-clearfix\" data-tab=\"1\" role=\"tabpanel\" aria-labelledby=\"elementor-tab-title-2221\" tabindex=\"0\" hidden=\"false\"><p>Le professeur Humbert a \u00e9t\u00e9 \u00e9lev\u00e9 au grade de professeur d&rsquo;universit\u00e9 en 1993, \u00e0 l&rsquo;\u00e2ge de 34 ans. Sp\u00e9cialiste en dermatologie ainsi qu&rsquo;en m\u00e9decine interne, en allergologie et immunologie clinique, en oncologie cutan\u00e9e, il a obtenu un doctorat en pharmacologie cutan\u00e9e.<\/p>\n<p>En tant que chef du service de dermatologie du CHU de Besan\u00e7on de 1993 \u00e0 2015, il a d\u00e9velopp\u00e9 un vaste service clinique comprenant toutes les sp\u00e9cialit\u00e9s de la dermatologie, \u00e0 savoir l&rsquo;allergologie, la chirurgie, le laser, la m\u00e9decine interne, l&rsquo;oncologie, la dermatologie p\u00e9diatrique, la photobiologie et la biom\u00e9trologie.<span style=\"color: var( --e-global-color-text ); font-family: var( --e-global-typography-text-font-family ), Sans-serif; font-size: var( --e-global-typography-text-font-size ); font-weight: var( --e-global-typography-text-font-weight );\"> <\/span><\/p>\n<p>Au cours de la m\u00eame p\u00e9riode, il a cr\u00e9\u00e9 le Laboratoire de biologie cutan\u00e9e dans lequel sont d\u00e9velopp\u00e9s de nouveaux mod\u00e8les de peau ainsi que des cultures cellulaires (k\u00e9ratinocytes, fibroblastes, m\u00e9lanocytes&#8230;) qui sont utilis\u00e9es comme mod\u00e8les pharmacologiques.<\/p>\n<p>D&rsquo;un point de vue clinique, il cr\u00e9e le CERT (Centre d&rsquo;Investigation et de Recherche sur la Peau) dans lequel, avec une \u00e9quipe d&rsquo;ing\u00e9nieurs, de m\u00e9decins, de pharmaciens, de techniciens, il r\u00e9alise des \u00e9tudes cliniques pour l&rsquo;\u00e9valuation de produits cosm\u00e9tiques ou de m\u00e9dicaments.<\/p>\n<p>Depuis 15 ans, il est le directeur de la formation des dermatologues dans le domaine de la m\u00e9decine esth\u00e9tique, du laser et de la cosm\u00e9tologie.<span style=\"color: var( --e-global-color-text ); font-family: var( --e-global-typography-text-font-family ), Sans-serif; font-size: var( --e-global-typography-text-font-size ); font-weight: var( --e-global-typography-text-font-weight );\"> <\/span><\/p>\n<p>Dans ce domaine, il a \u00e9t\u00e9 \u00e9lu pr\u00e9sident de l&rsquo;ISBS (International Society for Bioengineering and Imaging of the Skin) de 2005 \u00e0 2010 (il a notamment organis\u00e9 la r\u00e9union internationale de l&rsquo;ISBS \u00e0 Besan\u00e7on en 2009), ainsi que pr\u00e9sident de l&rsquo;International Society of Cutaneous Pharmacology. Il a \u00e9t\u00e9 pr\u00e9sident de l&rsquo;ESCAD en 2011.<\/p>\n<p>Sa bibliographie comprend plus de 350 publications et cinq livres, dont le livre de l&rsquo;Agache MEASURING THE SKIN eds. SPRINGER.<\/p>\n<p>Le Professeur Philippe Humbert a re\u00e7u le Prix de la Soci\u00e9t\u00e9 Fran\u00e7aise de Dermatologie, ainsi que de la Soci\u00e9t\u00e9 Fran\u00e7aise de Recherche Dermatologique, ainsi que de la Soci\u00e9t\u00e9 Fran\u00e7aise de Cosm\u00e9tologie.<\/p>\n<p>Connu pour son humanisme et sa g\u00e9n\u00e9rosit\u00e9, le professeur Philippe Humbert a accueilli de nombreux \u00e9tudiants ou professeurs venant de l&rsquo;\u00e9tranger, et il \u00e9tait fier de contribuer \u00e0 l&rsquo;enseignement de six c\u00e9l\u00e8bres professeurs chinois, et il a collabor\u00e9 avec de nombreuses universit\u00e9s dans le monde.<\/p><\/p>\n<\/div>\n\t\t\t\t\t\t\t<\/div>\n\t\t<\/div>\n\t\t\t\t\t\t<\/div>\n\t\t\t\t<\/div>\n\t\t\t\t<\/div>\n\t\t\t\t\t<\/div>\n\t\t\t\t<\/div>\n\t\t<div class=\"elementor-element elementor-element-b3fcf92 e-con-full e-flex e-con e-parent\" data-id=\"b3fcf92\" data-element_type=\"container\" data-e-type=\"container\">\n\t\t\t\t<div class=\"elementor-element elementor-element-3798191 elementor-widget elementor-widget-template\" data-id=\"3798191\" data-element_type=\"widget\" data-e-type=\"widget\" data-widget_type=\"template.default\">\n\t\t\t\t<div class=\"elementor-widget-container\">\n\t\t\t\t\t\t\t<div class=\"elementor-template\">\n\t\t\t\t\t<div data-elementor-type=\"container\" data-elementor-id=\"36078\" class=\"elementor elementor-36078 elementor-31856\" data-elementor-post-type=\"elementor_library\">\n\t\t\t\t<div class=\"elementor-element elementor-element-39aa9618 e-flex e-con-boxed e-con e-parent\" data-id=\"39aa9618\" data-element_type=\"container\" data-e-type=\"container\" data-settings=\"{&quot;background_background&quot;:&quot;classic&quot;}\">\n\t\t\t\t\t<div class=\"e-con-inner\">\n\t\t<div class=\"elementor-element elementor-element-5cb3226a e-con-full e-flex e-con e-child\" data-id=\"5cb3226a\" data-element_type=\"container\" data-e-type=\"container\">\n\t\t\t\t<div class=\"elementor-element elementor-element-6a49d6c elementor-widget elementor-widget-heading\" data-id=\"6a49d6c\" data-element_type=\"widget\" data-e-type=\"widget\" data-widget_type=\"heading.default\">\n\t\t\t\t<div class=\"elementor-widget-container\">\n\t\t\t\t\t<h2 class=\"elementor-heading-title elementor-size-default\">Commencez votre voyage en m\u00e9decine esth\u00e9tique : <span class=\"font\">Acc\u00e8s gratuit au cours<\/span><\/h2>\t\t\t\t<\/div>\n\t\t\t\t<\/div>\n\t\t\t\t<div class=\"elementor-element elementor-element-356e9ba8 elementor-widget elementor-widget-text-editor\" data-id=\"356e9ba8\" data-element_type=\"widget\" data-e-type=\"widget\" data-widget_type=\"text-editor.default\">\n\t\t\t\t<div class=\"elementor-widget-container\">\n\t\t\t\t\t\t\t\t\t<p>Faites l&rsquo;exp\u00e9rience de la formation en m\u00e9decine esth\u00e9tique de haute qualit\u00e9 de SAMBA. Acc\u00e9dez \u00e0 un extrait de cours et \u00e0 un quiz gratuits, parfaits pour les d\u00e9butants. D\u00e9couvrez notre programme complet et faites le premier pas vers votre nouvelle carri\u00e8re.<\/p>\t\t\t\t\t\t\t\t<\/div>\n\t\t\t\t<\/div>\n\t\t\t\t<div class=\"elementor-element elementor-element-4a6d13b2 elementor-widget elementor-widget-button\" data-id=\"4a6d13b2\" data-element_type=\"widget\" data-e-type=\"widget\" data-widget_type=\"button.default\">\n\t\t\t\t<div class=\"elementor-widget-container\">\n\t\t\t\t\t\t\t\t\t<div class=\"elementor-button-wrapper\">\n\t\t\t\t\t<a class=\"elementor-button elementor-button-link elementor-size-lg\" href=\"https:\/\/platform.sambacademy.com\/fr-free-trial-3x\" target=\"_blank\">\n\t\t\t\t\t\t<span class=\"elementor-button-content-wrapper\">\n\t\t\t\t\t\t\t\t\t<span class=\"elementor-button-text\">Acc\u00e9der au cours gratuit maintenant<\/span>\n\t\t\t\t\t<\/span>\n\t\t\t\t\t<\/a>\n\t\t\t\t<\/div>\n\t\t\t\t\t\t\t\t<\/div>\n\t\t\t\t<\/div>\n\t\t\t\t<\/div>\n\t\t<div class=\"elementor-element elementor-element-36953d45 e-con-full e-flex e-con e-child\" data-id=\"36953d45\" data-element_type=\"container\" data-e-type=\"container\">\n\t\t\t\t<div class=\"elementor-element elementor-element-ea6d397 elementor-widget elementor-widget-video\" data-id=\"ea6d397\" data-element_type=\"widget\" data-e-type=\"widget\" data-settings=\"{&quot;video_type&quot;:&quot;vimeo&quot;}\" data-widget_type=\"video.default\">\n\t\t\t\t<div class=\"elementor-widget-container\">\n\t\t\t\t\t\t\t<div class=\"elementor-wrapper elementor-open-inline\">\n\t\t\t<iframe class=\"elementor-video-iframe\" allowfullscreen allow=\"clipboard-write\" title=\"Lecteur vid\u00e9o vimeo\" src=\"https:\/\/player.vimeo.com\/video\/1000700752?color&amp;autopause=0&amp;loop=0&amp;muted=0&amp;title=0&amp;portrait=0&amp;byline=0#t=\"><\/iframe>\t\t<\/div>\n\t\t\t\t\t\t<\/div>\n\t\t\t\t<\/div>\n\t\t\t\t<\/div>\n\t\t\t\t\t<\/div>\n\t\t\t\t<\/div>\n\t\t\t\t<\/div>\n\t\t\t\t<\/div>\n\t\t\t\t\t\t<\/div>\n\t\t\t\t<\/div>\n\t\t\t\t<\/div>\n\t\t\t\t<\/div>\n\t\t","protected":false},"excerpt":{"rendered":"<p>Pr. Philippe Humbert DERMATOLOGUE Dermatologue de renomm\u00e9e mondiale. &nbsp;A propos de moi &nbsp;A propos de moi Le professeur Humbert a \u00e9t\u00e9 \u00e9lev\u00e9 au grade de professeur d&#8217;universit\u00e9 en 1993, \u00e0 l&#8217;\u00e2ge de 34 ans. Sp\u00e9cialiste en dermatologie ainsi qu&#8217;en m\u00e9decine interne, en allergologie et immunologie clinique, en oncologie cutan\u00e9e, il a obtenu un doctorat en [&hellip;]<\/p>\n","protected":false},"author":1,"featured_media":0,"parent":35973,"menu_order":0,"comment_status":"closed","ping_status":"closed","template":"","meta":{"content-type":"","_joinchat":[],"footnotes":"","_links_to":"","_links_to_target":""},"class_list":["post-35900","page","type-page","status-publish","hentry"],"yoast_head":"<!-- This site is optimized with the Yoast SEO plugin v27.2 - https:\/\/yoast.com\/product\/yoast-seo-wordpress\/ -->\n<title>Pr. Philippe Humbert - SAMBA<\/title>\n<meta name=\"robots\" content=\"index, follow, max-snippet:-1, max-image-preview:large, max-video-preview:-1\" \/>\n<link rel=\"canonical\" href=\"https:\/\/sambacademy.com\/fr\/faculte\/pr-philippe-humbert\/\" \/>\n<meta property=\"og:locale\" content=\"fr_FR\" \/>\n<meta property=\"og:type\" content=\"article\" \/>\n<meta property=\"og:title\" content=\"Pr. Philippe Humbert - SAMBA\" \/>\n<meta property=\"og:description\" content=\"Pr. Philippe Humbert DERMATOLOGUE Dermatologue de renomm\u00e9e mondiale. &nbsp;A propos de moi &nbsp;A propos de moi Le professeur Humbert a \u00e9t\u00e9 \u00e9lev\u00e9 au grade de professeur d&#8217;universit\u00e9 en 1993, \u00e0 l&#8217;\u00e2ge de 34 ans. Sp\u00e9cialiste en dermatologie ainsi qu&#8217;en m\u00e9decine interne, en allergologie et immunologie clinique, en oncologie cutan\u00e9e, il a obtenu un doctorat en [&hellip;]\" \/>\n<meta property=\"og:url\" content=\"https:\/\/sambacademy.com\/fr\/faculte\/pr-philippe-humbert\/\" \/>\n<meta property=\"og:site_name\" content=\"SAMBA\" \/>\n<meta property=\"article:publisher\" content=\"https:\/\/www.facebook.com\/people\/SAMBA-Swiss-Aesthetic-Medicine-Business-Academy\/100084333172309\/\" \/>\n<meta property=\"article:modified_time\" content=\"2023-12-08T09:15:46+00:00\" \/>\n<meta property=\"og:image\" content=\"http:\/\/sambacademy.com\/wp-content\/uploads\/2023\/10\/philippe-humbert.jpg\" \/>\n<meta name=\"twitter:card\" content=\"summary_large_image\" \/>\n<meta name=\"twitter:label1\" content=\"Dur\u00e9e de lecture estim\u00e9e\" \/>\n\t<meta name=\"twitter:data1\" content=\"3 minutes\" \/>\n<script type=\"application\/ld+json\" class=\"yoast-schema-graph\">{\"@context\":\"https:\/\/schema.org\",\"@graph\":[{\"@type\":\"WebPage\",\"@id\":\"https:\/\/sambacademy.com\/fr\/faculte\/pr-philippe-humbert\/\",\"url\":\"https:\/\/sambacademy.com\/fr\/faculte\/pr-philippe-humbert\/\",\"name\":\"Pr. Philippe Humbert - SAMBA\",\"isPartOf\":{\"@id\":\"https:\/\/sambacademy.com\/fr\/#website\"},\"primaryImageOfPage\":{\"@id\":\"https:\/\/sambacademy.com\/fr\/faculte\/pr-philippe-humbert\/#primaryimage\"},\"image\":{\"@id\":\"https:\/\/sambacademy.com\/fr\/faculte\/pr-philippe-humbert\/#primaryimage\"},\"thumbnailUrl\":\"http:\/\/sambacademy.com\/wp-content\/uploads\/2023\/10\/philippe-humbert.jpg\",\"datePublished\":\"2023-10-17T15:21:31+00:00\",\"dateModified\":\"2023-12-08T09:15:46+00:00\",\"breadcrumb\":{\"@id\":\"https:\/\/sambacademy.com\/fr\/faculte\/pr-philippe-humbert\/#breadcrumb\"},\"inLanguage\":\"fr-FR\",\"potentialAction\":[{\"@type\":\"ReadAction\",\"target\":[\"https:\/\/sambacademy.com\/fr\/faculte\/pr-philippe-humbert\/\"]}]},{\"@type\":\"ImageObject\",\"inLanguage\":\"fr-FR\",\"@id\":\"https:\/\/sambacademy.com\/fr\/faculte\/pr-philippe-humbert\/#primaryimage\",\"url\":\"http:\/\/sambacademy.com\/wp-content\/uploads\/2023\/10\/philippe-humbert.jpg\",\"contentUrl\":\"http:\/\/sambacademy.com\/wp-content\/uploads\/2023\/10\/philippe-humbert.jpg\"},{\"@type\":\"BreadcrumbList\",\"@id\":\"https:\/\/sambacademy.com\/fr\/faculte\/pr-philippe-humbert\/#breadcrumb\",\"itemListElement\":[{\"@type\":\"ListItem\",\"position\":1,\"name\":\"Accueil\",\"item\":\"https:\/\/sambacademy.com\/fr\/\"},{\"@type\":\"ListItem\",\"position\":2,\"name\":\"Facult\u00e9\",\"item\":\"https:\/\/sambacademy.com\/fr\/faculte\/\"},{\"@type\":\"ListItem\",\"position\":3,\"name\":\"Pr. Philippe Humbert\"}]},{\"@type\":\"WebSite\",\"@id\":\"https:\/\/sambacademy.com\/fr\/#website\",\"url\":\"https:\/\/sambacademy.com\/fr\/\",\"name\":\"SAMBA\",\"description\":\"Swiss Aesthetic Medicine and Business Academy\",\"publisher\":{\"@id\":\"https:\/\/sambacademy.com\/fr\/#organization\"},\"potentialAction\":[{\"@type\":\"SearchAction\",\"target\":{\"@type\":\"EntryPoint\",\"urlTemplate\":\"https:\/\/sambacademy.com\/fr\/?s={search_term_string}\"},\"query-input\":{\"@type\":\"PropertyValueSpecification\",\"valueRequired\":true,\"valueName\":\"search_term_string\"}}],\"inLanguage\":\"fr-FR\"},{\"@type\":\"Organization\",\"@id\":\"https:\/\/sambacademy.com\/fr\/#organization\",\"name\":\"SAMBA \u2013 Swiss Aesthetic Medicine and Business Academy\",\"url\":\"https:\/\/sambacademy.com\/fr\/\",\"logo\":{\"@type\":\"ImageObject\",\"inLanguage\":\"fr-FR\",\"@id\":\"https:\/\/sambacademy.com\/fr\/#\/schema\/logo\/image\/\",\"url\":\"https:\/\/sambacademy.com\/wp-content\/uploads\/2023\/10\/SAMBA_logo_tagline.png\",\"contentUrl\":\"https:\/\/sambacademy.com\/wp-content\/uploads\/2023\/10\/SAMBA_logo_tagline.png\",\"width\":600,\"height\":123,\"caption\":\"SAMBA \u2013 Swiss Aesthetic Medicine and Business Academy\"},\"image\":{\"@id\":\"https:\/\/sambacademy.com\/fr\/#\/schema\/logo\/image\/\"},\"sameAs\":[\"https:\/\/www.facebook.com\/people\/SAMBA-Swiss-Aesthetic-Medicine-Business-Academy\/100084333172309\/\",\"https:\/\/www.linkedin.com\/company\/samba-academy\/\",\"https:\/\/www.instagram.com\/samba_academy_official\/\"]}]}<\/script>\n<!-- \/ Yoast SEO plugin. -->","yoast_head_json":{"title":"Pr. Philippe Humbert - SAMBA","robots":{"index":"index","follow":"follow","max-snippet":"max-snippet:-1","max-image-preview":"max-image-preview:large","max-video-preview":"max-video-preview:-1"},"canonical":"https:\/\/sambacademy.com\/fr\/faculte\/pr-philippe-humbert\/","og_locale":"fr_FR","og_type":"article","og_title":"Pr. Philippe Humbert - SAMBA","og_description":"Pr. Philippe Humbert DERMATOLOGUE Dermatologue de renomm\u00e9e mondiale. &nbsp;A propos de moi &nbsp;A propos de moi Le professeur Humbert a \u00e9t\u00e9 \u00e9lev\u00e9 au grade de professeur d&#8217;universit\u00e9 en 1993, \u00e0 l&#8217;\u00e2ge de 34 ans. Sp\u00e9cialiste en dermatologie ainsi qu&#8217;en m\u00e9decine interne, en allergologie et immunologie clinique, en oncologie cutan\u00e9e, il a obtenu un doctorat en [&hellip;]","og_url":"https:\/\/sambacademy.com\/fr\/faculte\/pr-philippe-humbert\/","og_site_name":"SAMBA","article_publisher":"https:\/\/www.facebook.com\/people\/SAMBA-Swiss-Aesthetic-Medicine-Business-Academy\/100084333172309\/","article_modified_time":"2023-12-08T09:15:46+00:00","og_image":[{"url":"http:\/\/sambacademy.com\/wp-content\/uploads\/2023\/10\/philippe-humbert.jpg","type":"","width":"","height":""}],"twitter_card":"summary_large_image","twitter_misc":{"Dur\u00e9e de lecture estim\u00e9e":"3 minutes"},"schema":{"@context":"https:\/\/schema.org","@graph":[{"@type":"WebPage","@id":"https:\/\/sambacademy.com\/fr\/faculte\/pr-philippe-humbert\/","url":"https:\/\/sambacademy.com\/fr\/faculte\/pr-philippe-humbert\/","name":"Pr. Philippe Humbert - SAMBA","isPartOf":{"@id":"https:\/\/sambacademy.com\/fr\/#website"},"primaryImageOfPage":{"@id":"https:\/\/sambacademy.com\/fr\/faculte\/pr-philippe-humbert\/#primaryimage"},"image":{"@id":"https:\/\/sambacademy.com\/fr\/faculte\/pr-philippe-humbert\/#primaryimage"},"thumbnailUrl":"http:\/\/sambacademy.com\/wp-content\/uploads\/2023\/10\/philippe-humbert.jpg","datePublished":"2023-10-17T15:21:31+00:00","dateModified":"2023-12-08T09:15:46+00:00","breadcrumb":{"@id":"https:\/\/sambacademy.com\/fr\/faculte\/pr-philippe-humbert\/#breadcrumb"},"inLanguage":"fr-FR","potentialAction":[{"@type":"ReadAction","target":["https:\/\/sambacademy.com\/fr\/faculte\/pr-philippe-humbert\/"]}]},{"@type":"ImageObject","inLanguage":"fr-FR","@id":"https:\/\/sambacademy.com\/fr\/faculte\/pr-philippe-humbert\/#primaryimage","url":"http:\/\/sambacademy.com\/wp-content\/uploads\/2023\/10\/philippe-humbert.jpg","contentUrl":"http:\/\/sambacademy.com\/wp-content\/uploads\/2023\/10\/philippe-humbert.jpg"},{"@type":"BreadcrumbList","@id":"https:\/\/sambacademy.com\/fr\/faculte\/pr-philippe-humbert\/#breadcrumb","itemListElement":[{"@type":"ListItem","position":1,"name":"Accueil","item":"https:\/\/sambacademy.com\/fr\/"},{"@type":"ListItem","position":2,"name":"Facult\u00e9","item":"https:\/\/sambacademy.com\/fr\/faculte\/"},{"@type":"ListItem","position":3,"name":"Pr. Philippe Humbert"}]},{"@type":"WebSite","@id":"https:\/\/sambacademy.com\/fr\/#website","url":"https:\/\/sambacademy.com\/fr\/","name":"SAMBA","description":"Swiss Aesthetic Medicine and Business Academy","publisher":{"@id":"https:\/\/sambacademy.com\/fr\/#organization"},"potentialAction":[{"@type":"SearchAction","target":{"@type":"EntryPoint","urlTemplate":"https:\/\/sambacademy.com\/fr\/?s={search_term_string}"},"query-input":{"@type":"PropertyValueSpecification","valueRequired":true,"valueName":"search_term_string"}}],"inLanguage":"fr-FR"},{"@type":"Organization","@id":"https:\/\/sambacademy.com\/fr\/#organization","name":"SAMBA \u2013 Swiss Aesthetic Medicine and Business Academy","url":"https:\/\/sambacademy.com\/fr\/","logo":{"@type":"ImageObject","inLanguage":"fr-FR","@id":"https:\/\/sambacademy.com\/fr\/#\/schema\/logo\/image\/","url":"https:\/\/sambacademy.com\/wp-content\/uploads\/2023\/10\/SAMBA_logo_tagline.png","contentUrl":"https:\/\/sambacademy.com\/wp-content\/uploads\/2023\/10\/SAMBA_logo_tagline.png","width":600,"height":123,"caption":"SAMBA \u2013 Swiss Aesthetic Medicine and Business Academy"},"image":{"@id":"https:\/\/sambacademy.com\/fr\/#\/schema\/logo\/image\/"},"sameAs":["https:\/\/www.facebook.com\/people\/SAMBA-Swiss-Aesthetic-Medicine-Business-Academy\/100084333172309\/","https:\/\/www.linkedin.com\/company\/samba-academy\/","https:\/\/www.instagram.com\/samba_academy_official\/"]}]}},"_links":{"self":[{"href":"https:\/\/sambacademy.com\/fr\/wp-json\/wp\/v2\/pages\/35900","targetHints":{"allow":["GET"]}}],"collection":[{"href":"https:\/\/sambacademy.com\/fr\/wp-json\/wp\/v2\/pages"}],"about":[{"href":"https:\/\/sambacademy.com\/fr\/wp-json\/wp\/v2\/types\/page"}],"author":[{"embeddable":true,"href":"https:\/\/sambacademy.com\/fr\/wp-json\/wp\/v2\/users\/1"}],"replies":[{"embeddable":true,"href":"https:\/\/sambacademy.com\/fr\/wp-json\/wp\/v2\/comments?post=35900"}],"version-history":[{"count":7,"href":"https:\/\/sambacademy.com\/fr\/wp-json\/wp\/v2\/pages\/35900\/revisions"}],"predecessor-version":[{"id":36425,"href":"https:\/\/sambacademy.com\/fr\/wp-json\/wp\/v2\/pages\/35900\/revisions\/36425"}],"up":[{"embeddable":true,"href":"https:\/\/sambacademy.com\/fr\/wp-json\/wp\/v2\/pages\/35973"}],"wp:attachment":[{"href":"https:\/\/sambacademy.com\/fr\/wp-json\/wp\/v2\/media?parent=35900"}],"curies":[{"name":"wp","href":"https:\/\/api.w.org\/{rel}","templated":true}]}}