{"id":35881,"date":"2023-10-17T17:24:03","date_gmt":"2023-10-17T15:24:03","guid":{"rendered":"https:\/\/sambacademy.com\/dr-nizar-abouda\/"},"modified":"2023-12-08T10:15:59","modified_gmt":"2023-12-08T09:15:59","slug":"dr-nizar-abouda","status":"publish","type":"page","link":"https:\/\/sambacademy.com\/fr\/faculte\/dr-nizar-abouda\/","title":{"rendered":"Dr Nizar Abouda"},"content":{"rendered":"\t\t<div data-elementor-type=\"wp-page\" data-elementor-id=\"35881\" class=\"elementor elementor-35881 elementor-31052\" data-elementor-post-type=\"page\">\n\t\t\t\t<div class=\"elementor-element elementor-element-dba28dc e-flex e-con-boxed e-con e-parent\" data-id=\"dba28dc\" data-element_type=\"container\" data-e-type=\"container\">\n\t\t\t\t\t<div class=\"e-con-inner\">\n\t\t<div class=\"elementor-element elementor-element-915f1fd e-con-full e-flex e-con e-child\" data-id=\"915f1fd\" data-element_type=\"container\" data-e-type=\"container\">\n\t\t\t\t<div class=\"elementor-element elementor-element-1ff2038 elementor-widget elementor-widget-image\" data-id=\"1ff2038\" data-element_type=\"widget\" data-e-type=\"widget\" data-widget_type=\"image.default\">\n\t\t\t\t<div class=\"elementor-widget-container\">\n\t\t\t\t\t\t\t\t\t\t\t\t\t\t\t<img fetchpriority=\"high\" decoding=\"async\" width=\"500\" height=\"333\" src=\"https:\/\/sambacademy.com\/wp-content\/uploads\/2023\/11\/nizar_abouda.jpg\" class=\"attachment-large size-large wp-image-35863\" alt=\"\" srcset=\"https:\/\/sambacademy.com\/wp-content\/uploads\/2023\/11\/nizar_abouda.jpg 500w, https:\/\/sambacademy.com\/wp-content\/uploads\/2023\/11\/nizar_abouda-300x200.jpg 300w\" sizes=\"(max-width: 500px) 100vw, 500px\" \/>\t\t\t\t\t\t\t\t\t\t\t\t\t\t\t<\/div>\n\t\t\t\t<\/div>\n\t\t\t\t<div class=\"elementor-element elementor-element-9c3ee62 elementor-widget elementor-widget-heading\" data-id=\"9c3ee62\" data-element_type=\"widget\" data-e-type=\"widget\" data-widget_type=\"heading.default\">\n\t\t\t\t<div class=\"elementor-widget-container\">\n\t\t\t\t\t<h1 class=\"elementor-heading-title elementor-size-default\">Dr Nizar Abouda\n<\/h1>\t\t\t\t<\/div>\n\t\t\t\t<\/div>\n\t\t\t\t<div class=\"elementor-element elementor-element-d79cd4a elementor-widget elementor-widget-heading\" data-id=\"d79cd4a\" data-element_type=\"widget\" data-e-type=\"widget\" data-widget_type=\"heading.default\">\n\t\t\t\t<div class=\"elementor-widget-container\">\n\t\t\t\t\t<h2 class=\"elementor-heading-title elementor-size-default\">CHIRURGIEN PLASTICIEN\n<\/h2>\t\t\t\t<\/div>\n\t\t\t\t<\/div>\n\t\t\t\t<div class=\"elementor-element elementor-element-f5301ee elementor-view-default elementor-widget elementor-widget-icon\" data-id=\"f5301ee\" data-element_type=\"widget\" data-e-type=\"widget\" data-widget_type=\"icon.default\">\n\t\t\t\t<div class=\"elementor-widget-container\">\n\t\t\t\t\t\t\t<div class=\"elementor-icon-wrapper\">\n\t\t\t<div class=\"elementor-icon\">\n\t\t\t<svg xmlns=\"http:\/\/www.w3.org\/2000\/svg\" id=\"flag-icons-tr\" viewBox=\"0 0 512 512\"><g fill-rule=\"evenodd\"><path fill=\"#e30a17\" d=\"M0 0h512v512H0z\"><\/path><path fill=\"#fff\" d=\"M348.8 264c0 70.6-58.3 127.9-130.1 127.9s-130.1-57.3-130.1-128 58.2-127.8 130-127.8S348.9 193.3 348.9 264z\"><\/path><path fill=\"#e30a17\" d=\"M355.3 264c0 56.5-46.6 102.3-104.1 102.3s-104-45.8-104-102.3 46.5-102.3 104-102.3 104 45.8 104 102.3z\"><\/path><path fill=\"#fff\" d=\"m374.1 204.2-1 47.3-44.2 12 43.5 15.5-1 43.3 28.3-33.8 42.9 14.8-24.8-36.3 30.2-36.1-46.4 12.8-27.5-39.5z\"><\/path><\/g><\/svg>\t\t\t<\/div>\n\t\t<\/div>\n\t\t\t\t\t\t<\/div>\n\t\t\t\t<\/div>\n\t\t\t\t<div class=\"elementor-element elementor-element-68aa1a4 elementor-widget elementor-widget-text-editor\" data-id=\"68aa1a4\" data-element_type=\"widget\" data-e-type=\"widget\" data-widget_type=\"text-editor.default\">\n\t\t\t\t<div class=\"elementor-widget-container\">\n\t\t\t\t\t\t\t\t\tRepr\u00e9sentant de l&rsquo;Association tunisienne de m\u00e9decine esth\u00e9tique.\n\n\t\t\t\t\t\t\t\t<\/div>\n\t\t\t\t<\/div>\n\t\t\t\t<div class=\"elementor-element elementor-element-bb22bb7 elementor-widget-divider--view-line elementor-widget elementor-widget-divider\" data-id=\"bb22bb7\" data-element_type=\"widget\" data-e-type=\"widget\" data-widget_type=\"divider.default\">\n\t\t\t\t<div class=\"elementor-widget-container\">\n\t\t\t\t\t\t\t<div class=\"elementor-divider\">\n\t\t\t<span class=\"elementor-divider-separator\">\n\t\t\t\t\t\t<\/span>\n\t\t<\/div>\n\t\t\t\t\t\t<\/div>\n\t\t\t\t<\/div>\n\t\t\t\t<div class=\"elementor-element elementor-element-1636b13 elementor-shape-rounded elementor-grid-0 e-grid-align-center elementor-widget elementor-widget-social-icons\" data-id=\"1636b13\" data-element_type=\"widget\" data-e-type=\"widget\" data-widget_type=\"social-icons.default\">\n\t\t\t\t<div class=\"elementor-widget-container\">\n\t\t\t\t\t\t\t<div class=\"elementor-social-icons-wrapper elementor-grid\">\n\t\t\t\t\t\t\t<span class=\"elementor-grid-item\">\n\t\t\t\t\t<a class=\"elementor-icon elementor-social-icon elementor-social-icon-instagram elementor-repeater-item-86d4175\" href=\"https:\/\/www.instagram.com\/dr.nizar_abouda\" target=\"_blank\">\n\t\t\t\t\t\t<span class=\"elementor-screen-only\">Instagram<\/span>\n\t\t\t\t\t\t<i aria-hidden=\"true\" class=\"fab fa-instagram\"><\/i>\t\t\t\t\t<\/a>\n\t\t\t\t<\/span>\n\t\t\t\t\t<\/div>\n\t\t\t\t\t\t<\/div>\n\t\t\t\t<\/div>\n\t\t\t\t<\/div>\n\t\t<div class=\"elementor-element elementor-element-72abdd0 e-con-full e-flex e-con e-child\" data-id=\"72abdd0\" data-element_type=\"container\" data-e-type=\"container\">\n\t\t\t\t<div class=\"elementor-element elementor-element-1536857 elementor-tabs-view-horizontal elementor-widget elementor-widget-tabs\" data-id=\"1536857\" data-element_type=\"widget\" data-e-type=\"widget\" data-widget_type=\"tabs.default\">\n\t\t\t\t<div class=\"elementor-widget-container\">\n\t\t\t\t\t\t\t<div class=\"elementor-tabs\">\n\t\t\t<div class=\"elementor-tabs-wrapper\" role=\"tablist\" >\n\t\t\t\t\t\t\t\t\t<div id=\"elementor-tab-title-2221\" class=\"elementor-tab-title elementor-tab-desktop-title\" aria-selected=\"true\" data-tab=\"1\" role=\"tab\" tabindex=\"0\" aria-controls=\"elementor-tab-content-2221\" aria-expanded=\"false\"><svg xmlns=\"http:\/\/www.w3.org\/2000\/svg\" height=\"0.75em\" viewbox=\"0 0 448 512\"><!--! Font Awesome Free 6.4.2 by @fontawesome - https:\/\/fontawesome.com License - https:\/\/fontawesome.com\/license (Commercial License) Copyright 2023 Fonticons, Inc. --><style>svg{fill:#085b61}<\/style><path d=\"M304 128a80 80 0 1 0 -160 0 80 80 0 1 0 160 0zM96 128a128 128 0 1 1 256 0A128 128 0 1 1 96 128zM49.3 464H398.7c-8.9-63.3-63.3-112-129-112H178.3c-65.7 0-120.1 48.7-129 112zM0 482.3C0 383.8 79.8 304 178.3 304h91.4C368.2 304 448 383.8 448 482.3c0 16.4-13.3 29.7-29.7 29.7H29.7C13.3 512 0 498.7 0 482.3z\"><\/path><\/svg> &nbsp;A propos de moi<\/div>\n\t\t\t\t\t\t\t<\/div>\n\t\t\t<div class=\"elementor-tabs-content-wrapper\" role=\"tablist\" aria-orientation=\"vertical\">\n\t\t\t\t\t\t\t\t\t<div class=\"elementor-tab-title elementor-tab-mobile-title\" aria-selected=\"true\" data-tab=\"1\" role=\"tab\" tabindex=\"0\" aria-controls=\"elementor-tab-content-2221\" aria-expanded=\"false\"><svg xmlns=\"http:\/\/www.w3.org\/2000\/svg\" height=\"0.75em\" viewbox=\"0 0 448 512\"><!--! Font Awesome Free 6.4.2 by @fontawesome - https:\/\/fontawesome.com License - https:\/\/fontawesome.com\/license (Commercial License) Copyright 2023 Fonticons, Inc. --><style>svg{fill:#085b61}<\/style><path d=\"M304 128a80 80 0 1 0 -160 0 80 80 0 1 0 160 0zM96 128a128 128 0 1 1 256 0A128 128 0 1 1 96 128zM49.3 464H398.7c-8.9-63.3-63.3-112-129-112H178.3c-65.7 0-120.1 48.7-129 112zM0 482.3C0 383.8 79.8 304 178.3 304h91.4C368.2 304 448 383.8 448 482.3c0 16.4-13.3 29.7-29.7 29.7H29.7C13.3 512 0 498.7 0 482.3z\"><\/path><\/svg> &nbsp;A propos de moi<\/div>\n\t\t\t\t\t<div id=\"elementor-tab-content-2221\" class=\"elementor-tab-content elementor-clearfix\" data-tab=\"1\" role=\"tabpanel\" aria-labelledby=\"elementor-tab-title-2221\" tabindex=\"0\" hidden=\"false\"><p>Le docteur Nizar Abouda est sp\u00e9cialis\u00e9 en m\u00e9decine esth\u00e9tique. N\u00e9 le 10 septembre 1973, il repr\u00e9sente fi\u00e8rement la Tunisie en tant que l&rsquo;un de ses m\u00e9decins les plus estim\u00e9s.<\/p>\n<p>Au cours de son parcours \u00e9ducatif, il a obtenu le dipl\u00f4me d&rsquo;\u00c9tat de la facult\u00e9 de m\u00e9decine de Tunis en janvier 2005. Avant cela, en juillet 2004, il a re\u00e7u deux dipl\u00f4mes importants : l&rsquo;un du Coll\u00e8ge national de m\u00e9decine esth\u00e9tique (CNME) \u00e0 Paris, en France, et l&rsquo;autre du Coll\u00e8ge international de m\u00e9decine esth\u00e9tique (CIME), \u00e9galement bas\u00e9 en France.<\/p>\n<p>Dans le domaine des soci\u00e9t\u00e9s m\u00e9dicales, les affiliations du Dr Abouda sont nombreuses. Il est un membre estim\u00e9 de la Soci\u00e9t\u00e9 mondiale de m\u00e9decine anti-\u00e2ge (WOSIAM). En outre, il joue un r\u00f4le essentiel en tant que repr\u00e9sentant de l&rsquo;Association tunisienne de m\u00e9decine esth\u00e9tique et de cosm\u00e9tologie (ATMEC) en association avec l&rsquo;OMOSIAM. Ses qualit\u00e9s de dirigeant sont d&rsquo;autant plus mises en valeur qu&rsquo;il occupe le poste de secr\u00e9taire g\u00e9n\u00e9ral de l&rsquo;ATMEC. Sa sp\u00e9cialisation en m\u00e9decine esth\u00e9tique est officiellement reconnue par le Conseil national de l&rsquo;Ordre des m\u00e9decins.<\/p>\n<p>Entre 1999 et 2001, le Dr Abouda a effectu\u00e9 son internat dans des h\u00f4pitaux renomm\u00e9s de Tunis, tels que l&rsquo;h\u00f4pital Charles Nicolle et l&rsquo;h\u00f4pital La Rabta. Il a ensuite \u00e9largi son horizon entre 2002 et 2004 en effectuant des stages dans des cabinets priv\u00e9s \u00e0 Paris, Nice et Marseille en France. En 2005, il se concentre sur les cliniques priv\u00e9es de m\u00e9decine esth\u00e9tique \u00e0 Paris. En septembre 2006, il s&rsquo;est lanc\u00e9 dans une nouvelle aventure en ouvrant sa propre clinique de m\u00e9decine esth\u00e9tique \u00e0 Tunis, en Tunisie. L&rsquo;ann\u00e9e 2007 a \u00e9t\u00e9 une ann\u00e9e de croissance puisqu&rsquo;il s&rsquo;est form\u00e9 au d\u00e9veloppement des greffes de cheveux \u00e0 la chirurgie plastique \u00e0 Paris, aux c\u00f4t\u00e9s de m\u00e9decins renomm\u00e9s. Il a perfectionn\u00e9 ses comp\u00e9tences en mati\u00e8re d&rsquo;enseignement en 2008 en proposant des cours de troisi\u00e8me cycle sur le \u00ab\u00a0comblement des rides avec des produits de comblement\u00a0\u00bb \u00e0 l&rsquo;h\u00f4pital de Tunis et \u00e0 la facult\u00e9 de m\u00e9decine de Tunis. En janvier 2014, il s&rsquo;est sp\u00e9cialis\u00e9 dans les techniques de greffe de cheveux comme la FUE (Follicular unit extraction) avec le syst\u00e8me SAFER. Plus r\u00e9cemment, en septembre 2022, il a occup\u00e9 le poste estim\u00e9 de Visitor Professor \u00e0 la SAMBA Swiss Aesthetic Medicine &amp; Business Academy et est devenu un m\u00e9decin esth\u00e9ticien formateur de fils \u00e0 \u00ab\u00a0White Medience\u00a0\u00bb.<\/p>\n<p>Sa contribution aux congr\u00e8s internationaux est consid\u00e9rable. Il a particip\u00e9 activement au congr\u00e8s mondial de m\u00e9decine esth\u00e9tique et anti-\u00e2ge qui s&rsquo;est tenu \u00e0 plusieurs reprises \u00e0 Mont\u00e9 Carlo (Monaco) et a particip\u00e9 r\u00e9guli\u00e8rement au master europ\u00e9en de m\u00e9decine esth\u00e9tique et anti-\u00e2ge qui s&rsquo;est tenu \u00e0 Paris. En outre, il a suivi des cours et des ateliers avanc\u00e9s sur les traitements esth\u00e9tiques Soft Dermato \u00e0 Paris.<\/p>\n<p>Sur le plan international, il a \u00e9t\u00e9 en 2005 le d\u00e9l\u00e9gu\u00e9 international de la World Society of Anti-Aging Medicine (WOSAAM) et en 2014-2015, il est devenu membre international de la World Society Interdisciplinary Anti-Aging Medicine (WOSIAM).<\/p>\n<p>Les domaines d&rsquo;expertise du docteur Abouda sont vastes et comprennent des traitements tels que les fils de lifting, les injections de toxine botulique, les produits injectables de comblement des rides, l&rsquo;hydrafacial et bien d&rsquo;autres encore.<\/p>\n<\/div>\n\t\t\t\t\t\t\t<\/div>\n\t\t<\/div>\n\t\t\t\t\t\t<\/div>\n\t\t\t\t<\/div>\n\t\t\t\t<\/div>\n\t\t\t\t\t<\/div>\n\t\t\t\t<\/div>\n\t\t<div class=\"elementor-element elementor-element-8c5ce92 e-con-full e-flex e-con e-parent\" data-id=\"8c5ce92\" data-element_type=\"container\" data-e-type=\"container\">\n\t\t\t\t<div class=\"elementor-element elementor-element-479c8d5 elementor-widget elementor-widget-template\" data-id=\"479c8d5\" data-element_type=\"widget\" data-e-type=\"widget\" data-widget_type=\"template.default\">\n\t\t\t\t<div class=\"elementor-widget-container\">\n\t\t\t\t\t\t\t<div class=\"elementor-template\">\n\t\t\t\t\t<div data-elementor-type=\"container\" data-elementor-id=\"36078\" class=\"elementor elementor-36078 elementor-31856\" data-elementor-post-type=\"elementor_library\">\n\t\t\t\t<div class=\"elementor-element elementor-element-39aa9618 e-flex e-con-boxed e-con e-parent\" data-id=\"39aa9618\" data-element_type=\"container\" data-e-type=\"container\" data-settings=\"{&quot;background_background&quot;:&quot;classic&quot;}\">\n\t\t\t\t\t<div class=\"e-con-inner\">\n\t\t<div class=\"elementor-element elementor-element-5cb3226a e-con-full e-flex e-con e-child\" data-id=\"5cb3226a\" data-element_type=\"container\" data-e-type=\"container\">\n\t\t\t\t<div class=\"elementor-element elementor-element-6a49d6c elementor-widget elementor-widget-heading\" data-id=\"6a49d6c\" data-element_type=\"widget\" data-e-type=\"widget\" data-widget_type=\"heading.default\">\n\t\t\t\t<div class=\"elementor-widget-container\">\n\t\t\t\t\t<h2 class=\"elementor-heading-title elementor-size-default\">Commencez votre voyage en m\u00e9decine esth\u00e9tique : <span class=\"font\">Acc\u00e8s gratuit au cours<\/span><\/h2>\t\t\t\t<\/div>\n\t\t\t\t<\/div>\n\t\t\t\t<div class=\"elementor-element elementor-element-356e9ba8 elementor-widget elementor-widget-text-editor\" data-id=\"356e9ba8\" data-element_type=\"widget\" data-e-type=\"widget\" data-widget_type=\"text-editor.default\">\n\t\t\t\t<div class=\"elementor-widget-container\">\n\t\t\t\t\t\t\t\t\t<p>Faites l&rsquo;exp\u00e9rience de la formation en m\u00e9decine esth\u00e9tique de haute qualit\u00e9 de SAMBA. Acc\u00e9dez \u00e0 un extrait de cours et \u00e0 un quiz gratuits, parfaits pour les d\u00e9butants. D\u00e9couvrez notre programme complet et faites le premier pas vers votre nouvelle carri\u00e8re.<\/p>\t\t\t\t\t\t\t\t<\/div>\n\t\t\t\t<\/div>\n\t\t\t\t<div class=\"elementor-element elementor-element-4a6d13b2 elementor-widget elementor-widget-button\" data-id=\"4a6d13b2\" data-element_type=\"widget\" data-e-type=\"widget\" data-widget_type=\"button.default\">\n\t\t\t\t<div class=\"elementor-widget-container\">\n\t\t\t\t\t\t\t\t\t<div class=\"elementor-button-wrapper\">\n\t\t\t\t\t<a class=\"elementor-button elementor-button-link elementor-size-lg\" href=\"https:\/\/platform.sambacademy.com\/fr-free-trial-3x\" target=\"_blank\">\n\t\t\t\t\t\t<span class=\"elementor-button-content-wrapper\">\n\t\t\t\t\t\t\t\t\t<span class=\"elementor-button-text\">Acc\u00e9der au cours gratuit maintenant<\/span>\n\t\t\t\t\t<\/span>\n\t\t\t\t\t<\/a>\n\t\t\t\t<\/div>\n\t\t\t\t\t\t\t\t<\/div>\n\t\t\t\t<\/div>\n\t\t\t\t<\/div>\n\t\t<div class=\"elementor-element elementor-element-36953d45 e-con-full e-flex e-con e-child\" data-id=\"36953d45\" data-element_type=\"container\" data-e-type=\"container\">\n\t\t\t\t<div class=\"elementor-element elementor-element-ea6d397 elementor-widget elementor-widget-video\" data-id=\"ea6d397\" data-element_type=\"widget\" data-e-type=\"widget\" data-settings=\"{&quot;video_type&quot;:&quot;vimeo&quot;}\" data-widget_type=\"video.default\">\n\t\t\t\t<div class=\"elementor-widget-container\">\n\t\t\t\t\t\t\t<div class=\"elementor-wrapper elementor-open-inline\">\n\t\t\t<iframe class=\"elementor-video-iframe\" allowfullscreen allow=\"clipboard-write\" title=\"Lecteur vid\u00e9o vimeo\" src=\"https:\/\/player.vimeo.com\/video\/1000700752?color&amp;autopause=0&amp;loop=0&amp;muted=0&amp;title=0&amp;portrait=0&amp;byline=0#t=\"><\/iframe>\t\t<\/div>\n\t\t\t\t\t\t<\/div>\n\t\t\t\t<\/div>\n\t\t\t\t<\/div>\n\t\t\t\t\t<\/div>\n\t\t\t\t<\/div>\n\t\t\t\t<\/div>\n\t\t\t\t<\/div>\n\t\t\t\t\t\t<\/div>\n\t\t\t\t<\/div>\n\t\t\t\t<\/div>\n\t\t\t\t<\/div>\n\t\t","protected":false},"excerpt":{"rendered":"<p>Dr Nizar Abouda CHIRURGIEN PLASTICIEN Repr\u00e9sentant de l&rsquo;Association tunisienne de m\u00e9decine esth\u00e9tique. Instagram &nbsp;A propos de moi &nbsp;A propos de moi Le docteur Nizar Abouda est sp\u00e9cialis\u00e9 en m\u00e9decine esth\u00e9tique. N\u00e9 le 10 septembre 1973, il repr\u00e9sente fi\u00e8rement la Tunisie en tant que l&#8217;un de ses m\u00e9decins les plus estim\u00e9s. Au cours de son parcours [&hellip;]<\/p>\n","protected":false},"author":1,"featured_media":0,"parent":35973,"menu_order":0,"comment_status":"closed","ping_status":"closed","template":"","meta":{"content-type":"","_joinchat":[],"footnotes":"","_links_to":"","_links_to_target":""},"class_list":["post-35881","page","type-page","status-publish","hentry"],"yoast_head":"<!-- This site is optimized with the Yoast SEO plugin v27.2 - https:\/\/yoast.com\/product\/yoast-seo-wordpress\/ -->\n<title>Dr Nizar Abouda - SAMBA<\/title>\n<meta name=\"robots\" content=\"index, follow, max-snippet:-1, max-image-preview:large, max-video-preview:-1\" \/>\n<link rel=\"canonical\" href=\"https:\/\/sambacademy.com\/fr\/faculte\/dr-nizar-abouda\/\" \/>\n<meta property=\"og:locale\" content=\"fr_FR\" \/>\n<meta property=\"og:type\" content=\"article\" \/>\n<meta property=\"og:title\" content=\"Dr Nizar Abouda - SAMBA\" \/>\n<meta property=\"og:description\" content=\"Dr Nizar Abouda CHIRURGIEN PLASTICIEN Repr\u00e9sentant de l&rsquo;Association tunisienne de m\u00e9decine esth\u00e9tique. Instagram &nbsp;A propos de moi &nbsp;A propos de moi Le docteur Nizar Abouda est sp\u00e9cialis\u00e9 en m\u00e9decine esth\u00e9tique. N\u00e9 le 10 septembre 1973, il repr\u00e9sente fi\u00e8rement la Tunisie en tant que l&#8217;un de ses m\u00e9decins les plus estim\u00e9s. Au cours de son parcours [&hellip;]\" \/>\n<meta property=\"og:url\" content=\"https:\/\/sambacademy.com\/fr\/faculte\/dr-nizar-abouda\/\" \/>\n<meta property=\"og:site_name\" content=\"SAMBA\" \/>\n<meta property=\"article:publisher\" content=\"https:\/\/www.facebook.com\/people\/SAMBA-Swiss-Aesthetic-Medicine-Business-Academy\/100084333172309\/\" \/>\n<meta property=\"article:modified_time\" content=\"2023-12-08T09:15:59+00:00\" \/>\n<meta property=\"og:image\" content=\"http:\/\/sambacademy.com\/wp-content\/uploads\/2023\/11\/nizar_abouda.jpg\" \/>\n<meta name=\"twitter:card\" content=\"summary_large_image\" \/>\n<meta name=\"twitter:label1\" content=\"Dur\u00e9e de lecture estim\u00e9e\" \/>\n\t<meta name=\"twitter:data1\" content=\"4 minutes\" \/>\n<script type=\"application\/ld+json\" class=\"yoast-schema-graph\">{\"@context\":\"https:\/\/schema.org\",\"@graph\":[{\"@type\":\"WebPage\",\"@id\":\"https:\/\/sambacademy.com\/fr\/faculte\/dr-nizar-abouda\/\",\"url\":\"https:\/\/sambacademy.com\/fr\/faculte\/dr-nizar-abouda\/\",\"name\":\"Dr Nizar Abouda - SAMBA\",\"isPartOf\":{\"@id\":\"https:\/\/sambacademy.com\/fr\/#website\"},\"primaryImageOfPage\":{\"@id\":\"https:\/\/sambacademy.com\/fr\/faculte\/dr-nizar-abouda\/#primaryimage\"},\"image\":{\"@id\":\"https:\/\/sambacademy.com\/fr\/faculte\/dr-nizar-abouda\/#primaryimage\"},\"thumbnailUrl\":\"http:\/\/sambacademy.com\/wp-content\/uploads\/2023\/11\/nizar_abouda.jpg\",\"datePublished\":\"2023-10-17T15:24:03+00:00\",\"dateModified\":\"2023-12-08T09:15:59+00:00\",\"breadcrumb\":{\"@id\":\"https:\/\/sambacademy.com\/fr\/faculte\/dr-nizar-abouda\/#breadcrumb\"},\"inLanguage\":\"fr-FR\",\"potentialAction\":[{\"@type\":\"ReadAction\",\"target\":[\"https:\/\/sambacademy.com\/fr\/faculte\/dr-nizar-abouda\/\"]}]},{\"@type\":\"ImageObject\",\"inLanguage\":\"fr-FR\",\"@id\":\"https:\/\/sambacademy.com\/fr\/faculte\/dr-nizar-abouda\/#primaryimage\",\"url\":\"http:\/\/sambacademy.com\/wp-content\/uploads\/2023\/11\/nizar_abouda.jpg\",\"contentUrl\":\"http:\/\/sambacademy.com\/wp-content\/uploads\/2023\/11\/nizar_abouda.jpg\"},{\"@type\":\"BreadcrumbList\",\"@id\":\"https:\/\/sambacademy.com\/fr\/faculte\/dr-nizar-abouda\/#breadcrumb\",\"itemListElement\":[{\"@type\":\"ListItem\",\"position\":1,\"name\":\"Accueil\",\"item\":\"https:\/\/sambacademy.com\/fr\/\"},{\"@type\":\"ListItem\",\"position\":2,\"name\":\"Facult\u00e9\",\"item\":\"https:\/\/sambacademy.com\/fr\/faculte\/\"},{\"@type\":\"ListItem\",\"position\":3,\"name\":\"Dr Nizar Abouda\"}]},{\"@type\":\"WebSite\",\"@id\":\"https:\/\/sambacademy.com\/fr\/#website\",\"url\":\"https:\/\/sambacademy.com\/fr\/\",\"name\":\"SAMBA\",\"description\":\"Swiss Aesthetic Medicine and Business Academy\",\"publisher\":{\"@id\":\"https:\/\/sambacademy.com\/fr\/#organization\"},\"potentialAction\":[{\"@type\":\"SearchAction\",\"target\":{\"@type\":\"EntryPoint\",\"urlTemplate\":\"https:\/\/sambacademy.com\/fr\/?s={search_term_string}\"},\"query-input\":{\"@type\":\"PropertyValueSpecification\",\"valueRequired\":true,\"valueName\":\"search_term_string\"}}],\"inLanguage\":\"fr-FR\"},{\"@type\":\"Organization\",\"@id\":\"https:\/\/sambacademy.com\/fr\/#organization\",\"name\":\"SAMBA \u2013 Swiss Aesthetic Medicine and Business Academy\",\"url\":\"https:\/\/sambacademy.com\/fr\/\",\"logo\":{\"@type\":\"ImageObject\",\"inLanguage\":\"fr-FR\",\"@id\":\"https:\/\/sambacademy.com\/fr\/#\/schema\/logo\/image\/\",\"url\":\"https:\/\/sambacademy.com\/wp-content\/uploads\/2023\/10\/SAMBA_logo_tagline.png\",\"contentUrl\":\"https:\/\/sambacademy.com\/wp-content\/uploads\/2023\/10\/SAMBA_logo_tagline.png\",\"width\":600,\"height\":123,\"caption\":\"SAMBA \u2013 Swiss Aesthetic Medicine and Business Academy\"},\"image\":{\"@id\":\"https:\/\/sambacademy.com\/fr\/#\/schema\/logo\/image\/\"},\"sameAs\":[\"https:\/\/www.facebook.com\/people\/SAMBA-Swiss-Aesthetic-Medicine-Business-Academy\/100084333172309\/\",\"https:\/\/www.linkedin.com\/company\/samba-academy\/\",\"https:\/\/www.instagram.com\/samba_academy_official\/\"]}]}<\/script>\n<!-- \/ Yoast SEO plugin. -->","yoast_head_json":{"title":"Dr Nizar Abouda - SAMBA","robots":{"index":"index","follow":"follow","max-snippet":"max-snippet:-1","max-image-preview":"max-image-preview:large","max-video-preview":"max-video-preview:-1"},"canonical":"https:\/\/sambacademy.com\/fr\/faculte\/dr-nizar-abouda\/","og_locale":"fr_FR","og_type":"article","og_title":"Dr Nizar Abouda - SAMBA","og_description":"Dr Nizar Abouda CHIRURGIEN PLASTICIEN Repr\u00e9sentant de l&rsquo;Association tunisienne de m\u00e9decine esth\u00e9tique. Instagram &nbsp;A propos de moi &nbsp;A propos de moi Le docteur Nizar Abouda est sp\u00e9cialis\u00e9 en m\u00e9decine esth\u00e9tique. N\u00e9 le 10 septembre 1973, il repr\u00e9sente fi\u00e8rement la Tunisie en tant que l&#8217;un de ses m\u00e9decins les plus estim\u00e9s. Au cours de son parcours [&hellip;]","og_url":"https:\/\/sambacademy.com\/fr\/faculte\/dr-nizar-abouda\/","og_site_name":"SAMBA","article_publisher":"https:\/\/www.facebook.com\/people\/SAMBA-Swiss-Aesthetic-Medicine-Business-Academy\/100084333172309\/","article_modified_time":"2023-12-08T09:15:59+00:00","og_image":[{"url":"http:\/\/sambacademy.com\/wp-content\/uploads\/2023\/11\/nizar_abouda.jpg","type":"","width":"","height":""}],"twitter_card":"summary_large_image","twitter_misc":{"Dur\u00e9e de lecture estim\u00e9e":"4 minutes"},"schema":{"@context":"https:\/\/schema.org","@graph":[{"@type":"WebPage","@id":"https:\/\/sambacademy.com\/fr\/faculte\/dr-nizar-abouda\/","url":"https:\/\/sambacademy.com\/fr\/faculte\/dr-nizar-abouda\/","name":"Dr Nizar Abouda - SAMBA","isPartOf":{"@id":"https:\/\/sambacademy.com\/fr\/#website"},"primaryImageOfPage":{"@id":"https:\/\/sambacademy.com\/fr\/faculte\/dr-nizar-abouda\/#primaryimage"},"image":{"@id":"https:\/\/sambacademy.com\/fr\/faculte\/dr-nizar-abouda\/#primaryimage"},"thumbnailUrl":"http:\/\/sambacademy.com\/wp-content\/uploads\/2023\/11\/nizar_abouda.jpg","datePublished":"2023-10-17T15:24:03+00:00","dateModified":"2023-12-08T09:15:59+00:00","breadcrumb":{"@id":"https:\/\/sambacademy.com\/fr\/faculte\/dr-nizar-abouda\/#breadcrumb"},"inLanguage":"fr-FR","potentialAction":[{"@type":"ReadAction","target":["https:\/\/sambacademy.com\/fr\/faculte\/dr-nizar-abouda\/"]}]},{"@type":"ImageObject","inLanguage":"fr-FR","@id":"https:\/\/sambacademy.com\/fr\/faculte\/dr-nizar-abouda\/#primaryimage","url":"http:\/\/sambacademy.com\/wp-content\/uploads\/2023\/11\/nizar_abouda.jpg","contentUrl":"http:\/\/sambacademy.com\/wp-content\/uploads\/2023\/11\/nizar_abouda.jpg"},{"@type":"BreadcrumbList","@id":"https:\/\/sambacademy.com\/fr\/faculte\/dr-nizar-abouda\/#breadcrumb","itemListElement":[{"@type":"ListItem","position":1,"name":"Accueil","item":"https:\/\/sambacademy.com\/fr\/"},{"@type":"ListItem","position":2,"name":"Facult\u00e9","item":"https:\/\/sambacademy.com\/fr\/faculte\/"},{"@type":"ListItem","position":3,"name":"Dr Nizar Abouda"}]},{"@type":"WebSite","@id":"https:\/\/sambacademy.com\/fr\/#website","url":"https:\/\/sambacademy.com\/fr\/","name":"SAMBA","description":"Swiss Aesthetic Medicine and Business Academy","publisher":{"@id":"https:\/\/sambacademy.com\/fr\/#organization"},"potentialAction":[{"@type":"SearchAction","target":{"@type":"EntryPoint","urlTemplate":"https:\/\/sambacademy.com\/fr\/?s={search_term_string}"},"query-input":{"@type":"PropertyValueSpecification","valueRequired":true,"valueName":"search_term_string"}}],"inLanguage":"fr-FR"},{"@type":"Organization","@id":"https:\/\/sambacademy.com\/fr\/#organization","name":"SAMBA \u2013 Swiss Aesthetic Medicine and Business Academy","url":"https:\/\/sambacademy.com\/fr\/","logo":{"@type":"ImageObject","inLanguage":"fr-FR","@id":"https:\/\/sambacademy.com\/fr\/#\/schema\/logo\/image\/","url":"https:\/\/sambacademy.com\/wp-content\/uploads\/2023\/10\/SAMBA_logo_tagline.png","contentUrl":"https:\/\/sambacademy.com\/wp-content\/uploads\/2023\/10\/SAMBA_logo_tagline.png","width":600,"height":123,"caption":"SAMBA \u2013 Swiss Aesthetic Medicine and Business Academy"},"image":{"@id":"https:\/\/sambacademy.com\/fr\/#\/schema\/logo\/image\/"},"sameAs":["https:\/\/www.facebook.com\/people\/SAMBA-Swiss-Aesthetic-Medicine-Business-Academy\/100084333172309\/","https:\/\/www.linkedin.com\/company\/samba-academy\/","https:\/\/www.instagram.com\/samba_academy_official\/"]}]}},"_links":{"self":[{"href":"https:\/\/sambacademy.com\/fr\/wp-json\/wp\/v2\/pages\/35881","targetHints":{"allow":["GET"]}}],"collection":[{"href":"https:\/\/sambacademy.com\/fr\/wp-json\/wp\/v2\/pages"}],"about":[{"href":"https:\/\/sambacademy.com\/fr\/wp-json\/wp\/v2\/types\/page"}],"author":[{"embeddable":true,"href":"https:\/\/sambacademy.com\/fr\/wp-json\/wp\/v2\/users\/1"}],"replies":[{"embeddable":true,"href":"https:\/\/sambacademy.com\/fr\/wp-json\/wp\/v2\/comments?post=35881"}],"version-history":[{"count":5,"href":"https:\/\/sambacademy.com\/fr\/wp-json\/wp\/v2\/pages\/35881\/revisions"}],"predecessor-version":[{"id":36431,"href":"https:\/\/sambacademy.com\/fr\/wp-json\/wp\/v2\/pages\/35881\/revisions\/36431"}],"up":[{"embeddable":true,"href":"https:\/\/sambacademy.com\/fr\/wp-json\/wp\/v2\/pages\/35973"}],"wp:attachment":[{"href":"https:\/\/sambacademy.com\/fr\/wp-json\/wp\/v2\/media?parent=35881"}],"curies":[{"name":"wp","href":"https:\/\/api.w.org\/{rel}","templated":true}]}}